{"id":2395,"date":"2022-08-19T17:43:13","date_gmt":"2022-08-19T20:43:13","guid":{"rendered":"https:\/\/meuhoroscopo.net\/?page_id=2395"},"modified":"2023-10-21T19:05:35","modified_gmt":"2023-10-21T22:05:35","slug":"como-sagitario-e-sagitario-combinam-no-amor","status":"publish","type":"page","link":"https:\/\/meuhoroscopo.net\/pt_br\/como-sagitario-e-sagitario-combinam-no-amor\/","title":{"rendered":"Como Sagit\u00e1rio e Sagit\u00e1rio combinam no amor"},"content":{"rendered":"\n<div class=\"wp-block-group is-content-justification-center is-nowrap is-layout-flex wp-container-core-group-is-layout-23441af8 wp-block-group-is-layout-flex\">\n<figure class=\"wp-block-image size-full is-resized\"><img decoding=\"async\" width=\"512\" height=\"512\" src=\"https:\/\/meuhoroscopo.net\/wp-content\/uploads\/2023\/10\/sagitario-hoje-horoscopo-do-signo.png\" alt=\"sagit\u00e1rio hoje hor\u00f3scopo do signo\" class=\"wp-image-14425\" style=\"object-fit:cover;width:100px;height:100px\" srcset=\"https:\/\/meuhoroscopo.net\/wp-content\/uploads\/2023\/10\/sagitario-hoje-horoscopo-do-signo.png 512w, https:\/\/meuhoroscopo.net\/wp-content\/uploads\/2023\/10\/sagitario-hoje-horoscopo-do-signo-300x300.png 300w, https:\/\/meuhoroscopo.net\/wp-content\/uploads\/2023\/10\/sagitario-hoje-horoscopo-do-signo-150x150.png 150w\" sizes=\"(max-width: 512px) 100vw, 512px\" \/><\/figure>\n\n\n\n<div class=\"wp-block-uagb-icon uagb-block-465de987 uagb-icon-wrapper\"><span class=\"uagb-svg-wrapper\"><svg xmlns=\"https:\/\/www.w3.org\/2000\/svg\" viewBox=\"0 0 512 512\"><path d=\"M0 190.9V185.1C0 115.2 50.52 55.58 119.4 44.1C164.1 36.51 211.4 51.37 244 84.02L256 96L267.1 84.02C300.6 51.37 347 36.51 392.6 44.1C461.5 55.58 512 115.2 512 185.1V190.9C512 232.4 494.8 272.1 464.4 300.4L283.7 469.1C276.2 476.1 266.3 480 256 480C245.7 480 235.8 476.1 228.3 469.1L47.59 300.4C17.23 272.1 .0003 232.4 .0003 190.9L0 190.9z\"><\/path><\/svg><\/span><\/div>\n\n\n\n<figure class=\"wp-block-image size-full is-resized\"><img decoding=\"async\" width=\"512\" height=\"512\" src=\"https:\/\/meuhoroscopo.net\/wp-content\/uploads\/2023\/10\/sagitario-hoje-horoscopo-do-signo.png\" alt=\"sagit\u00e1rio hoje hor\u00f3scopo do signo\" class=\"wp-image-14425\" style=\"object-fit:cover;width:100px;height:100px\" srcset=\"https:\/\/meuhoroscopo.net\/wp-content\/uploads\/2023\/10\/sagitario-hoje-horoscopo-do-signo.png 512w, https:\/\/meuhoroscopo.net\/wp-content\/uploads\/2023\/10\/sagitario-hoje-horoscopo-do-signo-300x300.png 300w, https:\/\/meuhoroscopo.net\/wp-content\/uploads\/2023\/10\/sagitario-hoje-horoscopo-do-signo-150x150.png 150w\" sizes=\"(max-width: 512px) 100vw, 512px\" \/><\/figure>\n<\/div>\n\n\n\n<h3 class=\"wp-block-heading\">Quando dois sagitarianos se unem em uma combina\u00e7\u00e3o de amor, as naturezas que amam a verdade tornam a rela\u00e7\u00e3o quase perfeita.<\/h3>\n\n\n\n<p>Este casal v\u00ea o mundo ao seu redor com um olhar educado e ambos compartilham uma intensa fome por mais conhecimento. Eles v\u00e3o se envolver em conversas agrad\u00e1veis e brincadeiras que desafiam e fazem c\u00f3cegas na mente. Uma disputa acalorada ocasional pode entrar em erup\u00e7\u00e3o na rela\u00e7\u00e3o Sagit\u00e1rio-Sagit\u00e1rio, quando um parceiro Sagit\u00e1rio fan\u00e1tico leva as coisas um pouco longe demais.<\/p>\n\n\n\n<p>Descontra\u00eddo e independente, estes dois s\u00e3o compat\u00edveis quando se trata de equilibrar interesses pessoais. Eles nunca conheceram o ci\u00fame, e cada parceiro se mant\u00e9m ocupado com projetos pessoais quando n\u00e3o est\u00e1 com o amante. Quando est\u00e3o juntos, no entanto, eles fazem tudo o que podem para agradar seu parceiro e saciar interesses comuns. Embora eles sejam adapt\u00e1veis e modernos, eles podem, \u00e0s vezes, sair do controle. No entanto, n\u00e3o \u00e9 da natureza do arqueiro guardar rancor ou deixar que as diverg\u00eancias apodre\u00e7am por muito tempo.<\/p>\n\n\n\n<p>Sagit\u00e1rio \u00e9 governado pelo Planeta J\u00fapiter. Expans\u00e3o \u00e9 a palavra chave aqui. Como ambos os parceiros desfrutam da aquisi\u00e7\u00e3o de conhecimento, eles levar\u00e3o as ideias existentes para o relacionamento. Eles devem estar atentos a excessos de indulg\u00eancias, pois tal glutonaria s\u00f3 os distrair\u00e1. Seu charme e carisma fazem deles um casal muito agrad\u00e1vel, n\u00e3o apenas um para o outro, mas para toda a multid\u00e3o.<\/p>\n\n\n\n<p>Sagit\u00e1rio \u00e9 um Signo de Fogo. Quando esses dois signos de fogo se juntam, eles se fundem para construir uma chama maior. Eles constantemente se juntam e experimentam a vida: eles adoram fazer viagens mais do que apenas ler sobre lugares em livros de turismo. Extrovertido e amig\u00e1vel, \u00e9 a queda de muitos sagitarianos para falar antes de pensar, encontrando-se assim em um ligamento social desajeitado. Esses dois adoram se engajar em novos projetos, mas n\u00e3o t\u00eam a dedica\u00e7\u00e3o de manter suas armas. Ambos est\u00e3o muito ansiosos para avan\u00e7ar para a pr\u00f3xima novidade.<\/p>\n\n\n\n<p>Sagit\u00e1rio \u00e9 um signo mut\u00e1vel. O flerte \u00e9 excitante e \u00e9 f\u00e1cil para dois sagitarianos se darem bem. Discuss\u00f5es raramente acontecem entre eles. Ambos s\u00e3o extremamente adapt\u00e1veis ao outro. De vez em quando um espinho teimoso vai aparecer, mas nenhum dos parceiros quer ficar com esse assunto, e ent\u00e3o ele \u00e9 descartado completamente.<\/p>\n\n\n\n<p>Qual \u00e9 o melhor aspecto da rela\u00e7\u00e3o Sagit\u00e1rio-Sagit\u00e1rio? \u00c9 sua compatibilidade e desejo compartilhado de conhecimento. Este casal encontrou o equil\u00edbrio perfeito entre intensidade e permitindo que o outro tenha seu espa\u00e7o pr\u00f3prio. Juntos, eles explorar\u00e3o os vastos mundos externos, assim como os mundos do intelecto.<\/p>\n\n\n\n<div class=\"wp-block-group has-background has-small-font-size is-layout-flow wp-block-group-is-layout-flow\" style=\"background-color:#ffcad7;padding-top:var(--wp--preset--spacing--20);padding-right:var(--wp--preset--spacing--20);padding-bottom:var(--wp--preset--spacing--20);padding-left:var(--wp--preset--spacing--20)\">\n<h3 class=\"wp-block-heading has-text-align-center\">Combina\u00e7\u00f5es de sagit\u00e1rio no amor<\/h3>\n\n\n\n<div class=\"wp-block-group is-content-justification-center is-layout-flex wp-container-core-group-is-layout-b02886af wp-block-group-is-layout-flex\">\n<div class=\"wp-block-uagb-image aligncenter uagb-block-4ed478ad wp-block-uagb-image--layout-default wp-block-uagb-image--effect-zoomin wp-block-uagb-image--align-center wp-container-content-9cfa9a5a\"><figure class=\"wp-block-uagb-image__figure\"><a class=\"\" href=\"https:\/\/meuhoroscopo.net\/combinacoes-de-signos-no-amor\/como-aries-e-sagitario-combinam-no-amor\/\" target=\"\" rel=\"noopener\"><img decoding=\"async\" srcset=\"https:\/\/meuhoroscopo.net\/wp-content\/uploads\/2023\/10\/aries-hoje-horoscopo-do-signo.png ,https:\/\/meuhoroscopo.net\/wp-content\/uploads\/2023\/10\/aries-hoje-horoscopo-do-signo.png 780w, https:\/\/meuhoroscopo.net\/wp-content\/uploads\/2023\/10\/aries-hoje-horoscopo-do-signo.png 360w\" sizes=\"auto, (max-width: 480px) 150px\" src=\"https:\/\/meuhoroscopo.net\/wp-content\/uploads\/2023\/10\/aries-hoje-horoscopo-do-signo.png\" alt=\"combina\u00e7\u00f5es de \u00e1ries no amor\" class=\"uag-image-14418\" width=\"150\" height=\"150\" title=\"\" loading=\"lazy\"\/><\/a><figcaption class=\"uagb-image-caption\">\u00c1ries 21\/03 a 20\/04<\/figcaption><\/figure><\/div>\n\n\n\n<div class=\"wp-block-uagb-image aligncenter uagb-block-35eee722 wp-block-uagb-image--layout-default wp-block-uagb-image--effect-zoomin wp-block-uagb-image--align-center wp-container-content-9cfa9a5a\"><figure class=\"wp-block-uagb-image__figure\"><a class=\"\" href=\"https:\/\/meuhoroscopo.net\/combinacoes-de-signos-no-amor\/como-touro-e-sagitario-combinam-no-amor\/\" target=\"\" rel=\"noopener\"><img decoding=\"async\" srcset=\"https:\/\/meuhoroscopo.net\/wp-content\/uploads\/2023\/10\/touro-hoje-horoscopo-do-signo.png ,https:\/\/meuhoroscopo.net\/wp-content\/uploads\/2023\/10\/touro-hoje-horoscopo-do-signo.png 780w, https:\/\/meuhoroscopo.net\/wp-content\/uploads\/2023\/10\/touro-hoje-horoscopo-do-signo.png 360w\" sizes=\"auto, (max-width: 480px) 150px\" src=\"https:\/\/meuhoroscopo.net\/wp-content\/uploads\/2023\/10\/touro-hoje-horoscopo-do-signo.png\" alt=\"combina\u00e7\u00f5es de touro no amor\" class=\"uag-image-14426\" width=\"150\" height=\"150\" title=\"\" loading=\"lazy\"\/><\/a><figcaption class=\"uagb-image-caption\">Touro 21\/04 a 20\/05<\/figcaption><\/figure><\/div>\n\n\n\n<div class=\"wp-block-uagb-image aligncenter uagb-block-96fca29d wp-block-uagb-image--layout-default wp-block-uagb-image--effect-zoomin wp-block-uagb-image--align-center wp-container-content-9cfa9a5a\"><figure class=\"wp-block-uagb-image__figure\"><a class=\"\" href=\"https:\/\/meuhoroscopo.net\/combinacoes-de-signos-no-amor\/como-gemeos-e-sagitario-combinam-no-amor\/\" target=\"\" rel=\"noopener\"><img decoding=\"async\" srcset=\"https:\/\/meuhoroscopo.net\/wp-content\/uploads\/2023\/10\/gemeos-hoje-horoscopo-do-signo.png ,https:\/\/meuhoroscopo.net\/wp-content\/uploads\/2023\/10\/gemeos-hoje-horoscopo-do-signo.png 780w, https:\/\/meuhoroscopo.net\/wp-content\/uploads\/2023\/10\/gemeos-hoje-horoscopo-do-signo.png 360w\" sizes=\"auto, (max-width: 480px) 150px\" src=\"https:\/\/meuhoroscopo.net\/wp-content\/uploads\/2023\/10\/gemeos-hoje-horoscopo-do-signo.png\" alt=\"combina\u00e7\u00f5es de g\u00eameos no amor\" class=\"uag-image-14421\" width=\"150\" height=\"150\" title=\"\" loading=\"lazy\"\/><\/a><figcaption class=\"uagb-image-caption\">G\u00eameos 21\/05 a 20\/06<\/figcaption><\/figure><\/div>\n\n\n\n<div class=\"wp-block-uagb-image aligncenter uagb-block-a5884ed7 wp-block-uagb-image--layout-default wp-block-uagb-image--effect-zoomin wp-block-uagb-image--align-center wp-container-content-9cfa9a5a\"><figure class=\"wp-block-uagb-image__figure\"><a class=\"\" href=\"https:\/\/meuhoroscopo.net\/combinacoes-de-signos-no-amor\/como-cancer-e-sagitario-combinam-no-amor\/\" target=\"\" rel=\"noopener\"><img decoding=\"async\" srcset=\"https:\/\/meuhoroscopo.net\/wp-content\/uploads\/2023\/10\/cancer-hoje-horoscopo-do-signo.png ,https:\/\/meuhoroscopo.net\/wp-content\/uploads\/2023\/10\/cancer-hoje-horoscopo-do-signo.png 780w, https:\/\/meuhoroscopo.net\/wp-content\/uploads\/2023\/10\/cancer-hoje-horoscopo-do-signo.png 360w\" sizes=\"auto, (max-width: 480px) 150px\" src=\"https:\/\/meuhoroscopo.net\/wp-content\/uploads\/2023\/10\/cancer-hoje-horoscopo-do-signo.png\" alt=\"combina\u00e7\u00f5es de c\u00e2ncer no amor\" class=\"uag-image-14468\" width=\"150\" height=\"150\" title=\"\" loading=\"lazy\"\/><\/a><figcaption class=\"uagb-image-caption\">C\u00e2ncer 21\/06 a 20\/07<\/figcaption><\/figure><\/div>\n\n\n\n<div class=\"wp-block-uagb-image aligncenter uagb-block-23de750c wp-block-uagb-image--layout-default wp-block-uagb-image--effect-zoomin wp-block-uagb-image--align-center wp-container-content-9cfa9a5a\"><figure class=\"wp-block-uagb-image__figure\"><a class=\"\" href=\"https:\/\/meuhoroscopo.net\/combinacoes-de-signos-no-amor\/como-leao-e-sagitario-combinam-no-amor\/\" target=\"\" rel=\"noopener\"><img decoding=\"async\" srcset=\"https:\/\/meuhoroscopo.net\/wp-content\/uploads\/2023\/10\/leao-hoje-horoscopo-do-signo.png ,https:\/\/meuhoroscopo.net\/wp-content\/uploads\/2023\/10\/leao-hoje-horoscopo-do-signo.png 780w, https:\/\/meuhoroscopo.net\/wp-content\/uploads\/2023\/10\/leao-hoje-horoscopo-do-signo.png 360w\" sizes=\"auto, (max-width: 480px) 150px\" src=\"https:\/\/meuhoroscopo.net\/wp-content\/uploads\/2023\/10\/leao-hoje-horoscopo-do-signo.png\" alt=\"combina\u00e7\u00f5es de le\u00e3o no amor\" class=\"uag-image-14422\" width=\"150\" height=\"150\" title=\"\" loading=\"lazy\"\/><\/a><figcaption class=\"uagb-image-caption\">Le\u00e3o 21\/07 a 22\/08<\/figcaption><\/figure><\/div>\n\n\n\n<div class=\"wp-block-uagb-image aligncenter uagb-block-d3120c1a wp-block-uagb-image--layout-default wp-block-uagb-image--effect-zoomin wp-block-uagb-image--align-center wp-container-content-9cfa9a5a\"><figure class=\"wp-block-uagb-image__figure\"><a class=\"\" href=\"https:\/\/meuhoroscopo.net\/combinacoes-de-signos-no-amor\/como-virgem-e-sagitario-combinam-no-amor\/\" target=\"\" rel=\"noopener\"><img decoding=\"async\" srcset=\"https:\/\/meuhoroscopo.net\/wp-content\/uploads\/2023\/10\/virgem-hoje-horoscopo-do-signo.png ,https:\/\/meuhoroscopo.net\/wp-content\/uploads\/2023\/10\/virgem-hoje-horoscopo-do-signo.png 780w, https:\/\/meuhoroscopo.net\/wp-content\/uploads\/2023\/10\/virgem-hoje-horoscopo-do-signo.png 360w\" sizes=\"auto, (max-width: 480px) 150px\" src=\"https:\/\/meuhoroscopo.net\/wp-content\/uploads\/2023\/10\/virgem-hoje-horoscopo-do-signo.png\" alt=\"combina\u00e7\u00f5es de virgem no amor\" class=\"uag-image-14427\" width=\"150\" height=\"150\" title=\"\" loading=\"lazy\"\/><\/a><figcaption class=\"uagb-image-caption\">Virgem 23\/08 a 22\/09<\/figcaption><\/figure><\/div>\n\n\n\n<div class=\"wp-block-uagb-image aligncenter uagb-block-8493c63e wp-block-uagb-image--layout-default wp-block-uagb-image--effect-zoomin wp-block-uagb-image--align-center wp-container-content-9cfa9a5a\"><figure class=\"wp-block-uagb-image__figure\"><a class=\"\" href=\"https:\/\/meuhoroscopo.net\/combinacoes-de-signos-no-amor\/como-libra-e-sagitario-combinam-no-amor\/\" target=\"\" rel=\"noopener\"><img decoding=\"async\" srcset=\"https:\/\/meuhoroscopo.net\/wp-content\/uploads\/2023\/10\/libra-hoje-horoscopo-do-signo.png ,https:\/\/meuhoroscopo.net\/wp-content\/uploads\/2023\/10\/libra-hoje-horoscopo-do-signo.png 780w, https:\/\/meuhoroscopo.net\/wp-content\/uploads\/2023\/10\/libra-hoje-horoscopo-do-signo.png 360w\" sizes=\"auto, (max-width: 480px) 150px\" src=\"https:\/\/meuhoroscopo.net\/wp-content\/uploads\/2023\/10\/libra-hoje-horoscopo-do-signo.png\" alt=\"combina\u00e7\u00f5es de libra no amor\" class=\"uag-image-14423\" width=\"150\" height=\"150\" title=\"\" loading=\"lazy\"\/><\/a><figcaption class=\"uagb-image-caption\">Libra 23\/09 a 22\/10<\/figcaption><\/figure><\/div>\n\n\n\n<div class=\"wp-block-uagb-image aligncenter uagb-block-c6cc0928 wp-block-uagb-image--layout-default wp-block-uagb-image--effect-zoomin wp-block-uagb-image--align-center wp-container-content-9cfa9a5a\"><figure class=\"wp-block-uagb-image__figure\"><a class=\"\" href=\"https:\/\/meuhoroscopo.net\/combinacoes-de-signos-no-amor\/como-escorpiao-e-sagitario-combinam-no-amor\/\" target=\"\" rel=\"noopener\"><img decoding=\"async\" srcset=\"https:\/\/meuhoroscopo.net\/wp-content\/uploads\/2023\/10\/escorpiao-hoje-horoscopo-do-signo.png ,https:\/\/meuhoroscopo.net\/wp-content\/uploads\/2023\/10\/escorpiao-hoje-horoscopo-do-signo.png 780w, https:\/\/meuhoroscopo.net\/wp-content\/uploads\/2023\/10\/escorpiao-hoje-horoscopo-do-signo.png 360w\" sizes=\"auto, (max-width: 480px) 150px\" src=\"https:\/\/meuhoroscopo.net\/wp-content\/uploads\/2023\/10\/escorpiao-hoje-horoscopo-do-signo.png\" alt=\"combina\u00e7\u00f5es de escorpi\u00e3o no amor\" class=\"uag-image-14420\" width=\"150\" height=\"150\" title=\"\" loading=\"lazy\"\/><\/a><figcaption class=\"uagb-image-caption\">Escorpi\u00e3o 23\/10 a 21\/11<\/figcaption><\/figure><\/div>\n\n\n\n<div class=\"wp-block-uagb-image aligncenter uagb-block-1842198f wp-block-uagb-image--layout-default wp-block-uagb-image--effect-zoomin wp-block-uagb-image--align-center wp-container-content-9cfa9a5a\"><figure class=\"wp-block-uagb-image__figure\"><a class=\"\" href=\"https:\/\/meuhoroscopo.net\/combinacoes-de-signos-no-amor\/como-sagitario-e-sagitario-combinam-no-amor\/\" target=\"\" rel=\"noopener\"><img decoding=\"async\" srcset=\"https:\/\/meuhoroscopo.net\/wp-content\/uploads\/2023\/10\/sagitario-hoje-horoscopo-do-signo.png ,https:\/\/meuhoroscopo.net\/wp-content\/uploads\/2023\/10\/sagitario-hoje-horoscopo-do-signo.png 780w, https:\/\/meuhoroscopo.net\/wp-content\/uploads\/2023\/10\/sagitario-hoje-horoscopo-do-signo.png 360w\" sizes=\"auto, (max-width: 480px) 150px\" src=\"https:\/\/meuhoroscopo.net\/wp-content\/uploads\/2023\/10\/sagitario-hoje-horoscopo-do-signo.png\" alt=\"combina\u00e7\u00f5es de sagit\u00e1rio no amor\" class=\"uag-image-14425\" width=\"150\" height=\"150\" title=\"\" loading=\"lazy\"\/><\/a><figcaption class=\"uagb-image-caption\">Sagit\u00e1rio 22\/11 a 21\/12<\/figcaption><\/figure><\/div>\n\n\n\n<div class=\"wp-block-uagb-image aligncenter uagb-block-aa5ae009 wp-block-uagb-image--layout-default wp-block-uagb-image--effect-zoomin wp-block-uagb-image--align-center wp-container-content-9cfa9a5a\"><figure class=\"wp-block-uagb-image__figure\"><a class=\"\" href=\"https:\/\/meuhoroscopo.net\/combinacoes-de-signos-no-amor\/como-sagitario-e-capricornio-combinam-no-amor\/\" target=\"\" rel=\"noopener\"><img decoding=\"async\" srcset=\"https:\/\/meuhoroscopo.net\/wp-content\/uploads\/2023\/10\/capricornio-hoje-horoscopo-do-signo.png ,https:\/\/meuhoroscopo.net\/wp-content\/uploads\/2023\/10\/capricornio-hoje-horoscopo-do-signo.png 780w, https:\/\/meuhoroscopo.net\/wp-content\/uploads\/2023\/10\/capricornio-hoje-horoscopo-do-signo.png 360w\" sizes=\"auto, (max-width: 480px) 150px\" src=\"https:\/\/meuhoroscopo.net\/wp-content\/uploads\/2023\/10\/capricornio-hoje-horoscopo-do-signo.png\" alt=\"combina\u00e7\u00f5es de capric\u00f3rnio no amor\" class=\"uag-image-14419\" width=\"150\" height=\"150\" title=\"\" loading=\"lazy\"\/><\/a><figcaption class=\"uagb-image-caption\">Capric\u00f3rnio 22\/12 a 20\/01<\/figcaption><\/figure><\/div>\n\n\n\n<div class=\"wp-block-uagb-image aligncenter uagb-block-b42229e0 wp-block-uagb-image--layout-default wp-block-uagb-image--effect-zoomin wp-block-uagb-image--align-center wp-container-content-9cfa9a5a\"><figure class=\"wp-block-uagb-image__figure\"><a class=\"\" href=\"https:\/\/meuhoroscopo.net\/combinacoes-de-signos-no-amor\/como-sagitario-e-aquario-combinam-no-amor\/\" target=\"\" rel=\"noopener\"><img decoding=\"async\" srcset=\"https:\/\/meuhoroscopo.net\/wp-content\/uploads\/2023\/10\/aquario-hoje-horoscopo-do-signo.png ,https:\/\/meuhoroscopo.net\/wp-content\/uploads\/2023\/10\/aquario-hoje-horoscopo-do-signo.png 780w, https:\/\/meuhoroscopo.net\/wp-content\/uploads\/2023\/10\/aquario-hoje-horoscopo-do-signo.png 360w\" sizes=\"auto, (max-width: 480px) 150px\" src=\"https:\/\/meuhoroscopo.net\/wp-content\/uploads\/2023\/10\/aquario-hoje-horoscopo-do-signo.png\" alt=\"combina\u00e7\u00f5es de aqu\u00e1rio no amor\" class=\"uag-image-14467\" width=\"150\" height=\"150\" title=\"\" loading=\"lazy\"\/><\/a><figcaption class=\"uagb-image-caption\">Aqu\u00e1rio 21\/01 a 19\/02<\/figcaption><\/figure><\/div>\n\n\n\n<div class=\"wp-block-uagb-image aligncenter uagb-block-c679d5b5 wp-block-uagb-image--layout-default wp-block-uagb-image--effect-zoomin wp-block-uagb-image--align-center wp-container-content-9cfa9a5a\"><figure class=\"wp-block-uagb-image__figure\"><a class=\"\" href=\"https:\/\/meuhoroscopo.net\/combinacoes-de-signos-no-amor\/como-sagitario-e-peixes-combinam-no-amor\/\" target=\"\" rel=\"noopener\"><img decoding=\"async\" srcset=\"https:\/\/meuhoroscopo.net\/wp-content\/uploads\/2023\/10\/peixes-hoje-horoscopo-do-signo.png ,https:\/\/meuhoroscopo.net\/wp-content\/uploads\/2023\/10\/peixes-hoje-horoscopo-do-signo.png 780w, https:\/\/meuhoroscopo.net\/wp-content\/uploads\/2023\/10\/peixes-hoje-horoscopo-do-signo.png 360w\" sizes=\"auto, (max-width: 480px) 150px\" src=\"https:\/\/meuhoroscopo.net\/wp-content\/uploads\/2023\/10\/peixes-hoje-horoscopo-do-signo.png\" alt=\"combina\u00e7\u00f5es de peixes no amor\" class=\"uag-image-14424\" width=\"150\" height=\"150\" title=\"\" loading=\"lazy\"\/><\/a><figcaption class=\"uagb-image-caption\">Peixes 20\/02 a 20\/03<\/figcaption><\/figure><\/div>\n<\/div>\n<\/div>\n","protected":false},"excerpt":{"rendered":"<p>Quando dois sagitarianos se unem em uma combina\u00e7\u00e3o de amor, as naturezas que amam a verdade tornam a rela\u00e7\u00e3o quase perfeita. Este casal v\u00ea o mundo ao seu redor com um olhar educado e ambos compartilham uma intensa fome por mais conhecimento. Eles v\u00e3o se envolver em conversas agrad\u00e1veis e brincadeiras que desafiam e fazem [&hellip;]<\/p>\n","protected":false},"author":2,"featured_media":0,"parent":0,"menu_order":0,"comment_status":"closed","ping_status":"closed","template":"","meta":{"footnotes":""},"class_list":["post-2395","page","type-page","status-publish","hentry"],"_links":{"self":[{"href":"https:\/\/meuhoroscopo.net\/pt_br\/wp-json\/wp\/v2\/pages\/2395","targetHints":{"allow":["GET"]}}],"collection":[{"href":"https:\/\/meuhoroscopo.net\/pt_br\/wp-json\/wp\/v2\/pages"}],"about":[{"href":"https:\/\/meuhoroscopo.net\/pt_br\/wp-json\/wp\/v2\/types\/page"}],"author":[{"embeddable":true,"href":"https:\/\/meuhoroscopo.net\/pt_br\/wp-json\/wp\/v2\/users\/2"}],"replies":[{"embeddable":true,"href":"https:\/\/meuhoroscopo.net\/pt_br\/wp-json\/wp\/v2\/comments?post=2395"}],"version-history":[{"count":0,"href":"https:\/\/meuhoroscopo.net\/pt_br\/wp-json\/wp\/v2\/pages\/2395\/revisions"}],"wp:attachment":[{"href":"https:\/\/meuhoroscopo.net\/pt_br\/wp-json\/wp\/v2\/media?parent=2395"}],"curies":[{"name":"wp","href":"https:\/\/api.w.org\/{rel}","templated":true}]}}