{"id":15775,"date":"2023-10-18T23:40:23","date_gmt":"2023-10-19T02:40:23","guid":{"rendered":"https:\/\/meuhoroscopo.net\/?page_id=15775"},"modified":"2023-10-29T17:46:47","modified_gmt":"2023-10-29T20:46:47","slug":"horoscopo-de-hoje","status":"publish","type":"page","link":"https:\/\/meuhoroscopo.net\/pt_br\/horoscopo-de-hoje\/","title":{"rendered":"Hor\u00f3scopo de Hoje"},"content":{"rendered":"<h1 class=\"has-text-align-center wp-block-post-title\">Hor\u00f3scopo de Hoje<\/h1>\n\n\n<h2 class=\"wp-block-heading has-text-align-center has-large-font-size\">Confira o hor\u00f3scopo de hoje para todos os signos!<\/h2>\n\n\n\n<p>Bem-vindo \u00e0 p\u00e1gina de <strong>Hor\u00f3scopo de Hoje<\/strong>, o seu portal di\u00e1rio para o conhecimento celestial. \u00c0 medida que os astros se movem pelo c\u00e9u, eles criam uma dan\u00e7a c\u00f3smica que tece o destino de todos n\u00f3s. Aqui, voc\u00ea encontrar\u00e1 uma porta de entrada para o entendimento dessa dan\u00e7a divina, com links diretos para as previs\u00f5es di\u00e1rias de cada signo. Seja voc\u00ea um audacioso \u00c1ries ou um sonhador Peixes, temos insights que podem iluminar o seu dia.<\/p>\n\n\n\n<h2 class=\"wp-block-heading has-text-align-center has-large-font-size\">Descubra o Seu Hor\u00f3scopo Di\u00e1rio<\/h2>\n\n\n\n<p>Navegar pelo caminho da vida com o conhecimento das tend\u00eancias astrais pode ser um recurso valioso. Abaixo, voc\u00ea encontrar\u00e1 links para as previs\u00f5es di\u00e1rias de cada signo, oferecendo um vislumbre do que esperar e como melhor navegar pelas energias do dia:<\/p>\n\n\n\n<div class=\"wp-block-group has-small-font-size is-content-justification-center is-layout-flex wp-container-core-group-is-layout-ca062352 wp-block-group-is-layout-flex\" style=\"margin-top:0;margin-bottom:0;padding-top:var(--wp--preset--spacing--20);padding-right:0;padding-bottom:var(--wp--preset--spacing--20);padding-left:0\">\n<div class=\"wp-block-uagb-image aligncenter uagb-block-4d4ff869 wp-block-uagb-image--layout-default wp-block-uagb-image--effect-static wp-block-uagb-image--align-center\"><figure class=\"wp-block-uagb-image__figure\"><a class=\"\" href=\"https:\/\/meuhoroscopo.net\/aries-hoje-horoscopo-diario-do-signo\/\" target=\"\" rel=\"noopener\"><img decoding=\"async\" srcset=\"https:\/\/meuhoroscopo.net\/wp-content\/uploads\/2023\/10\/aries-hoje-horoscopo-do-signo.png ,https:\/\/meuhoroscopo.net\/wp-content\/uploads\/2023\/10\/aries-hoje-horoscopo-do-signo.png 780w, https:\/\/meuhoroscopo.net\/wp-content\/uploads\/2023\/10\/aries-hoje-horoscopo-do-signo.png 360w\" sizes=\"auto, (max-width: 480px) 150px\" src=\"https:\/\/meuhoroscopo.net\/wp-content\/uploads\/2023\/10\/aries-hoje-horoscopo-do-signo.png\" alt=\"\u00e1ries hoje hor\u00f3scopo do signo\" class=\"uag-image-14418\" width=\"75\" height=\"75\" title=\"\" loading=\"lazy\"\/><\/a><figcaption class=\"uagb-image-caption\">\u00c1ries<\/figcaption><\/figure><\/div>\n\n\n\n<div class=\"wp-block-uagb-image aligncenter uagb-block-75666ed1 wp-block-uagb-image--layout-default wp-block-uagb-image--effect-static wp-block-uagb-image--align-center\"><figure class=\"wp-block-uagb-image__figure\"><a class=\"\" href=\"https:\/\/meuhoroscopo.net\/touro-hoje-horoscopo-diario-do-signo\/\" target=\"\" rel=\"noopener\"><img decoding=\"async\" srcset=\"https:\/\/meuhoroscopo.net\/wp-content\/uploads\/2023\/10\/touro-hoje-horoscopo-do-signo.png ,https:\/\/meuhoroscopo.net\/wp-content\/uploads\/2023\/10\/touro-hoje-horoscopo-do-signo.png 780w, https:\/\/meuhoroscopo.net\/wp-content\/uploads\/2023\/10\/touro-hoje-horoscopo-do-signo.png 360w\" sizes=\"auto, (max-width: 480px) 150px\" src=\"https:\/\/meuhoroscopo.net\/wp-content\/uploads\/2023\/10\/touro-hoje-horoscopo-do-signo.png\" alt=\"touro hoje hor\u00f3scopo do signo\" class=\"uag-image-14426\" width=\"75\" height=\"75\" title=\"\" loading=\"lazy\"\/><\/a><figcaption class=\"uagb-image-caption\">Touro<\/figcaption><\/figure><\/div>\n\n\n\n<div class=\"wp-block-uagb-image aligncenter uagb-block-1699ec66 wp-block-uagb-image--layout-default wp-block-uagb-image--effect-static wp-block-uagb-image--align-center\"><figure class=\"wp-block-uagb-image__figure\"><a class=\"\" href=\"https:\/\/meuhoroscopo.net\/gemeos-hoje-horoscopo-diario-do-signo\/\" target=\"\" rel=\"noopener\"><img decoding=\"async\" srcset=\"https:\/\/meuhoroscopo.net\/wp-content\/uploads\/2023\/10\/gemeos-hoje-horoscopo-do-signo.png ,https:\/\/meuhoroscopo.net\/wp-content\/uploads\/2023\/10\/gemeos-hoje-horoscopo-do-signo.png 780w, https:\/\/meuhoroscopo.net\/wp-content\/uploads\/2023\/10\/gemeos-hoje-horoscopo-do-signo.png 360w\" sizes=\"auto, (max-width: 480px) 150px\" src=\"https:\/\/meuhoroscopo.net\/wp-content\/uploads\/2023\/10\/gemeos-hoje-horoscopo-do-signo.png\" alt=\"g\u00eameos hoje hor\u00f3scopo do signo\" class=\"uag-image-14421\" width=\"75\" height=\"75\" title=\"\" loading=\"lazy\"\/><\/a><figcaption class=\"uagb-image-caption\">G\u00eameos<\/figcaption><\/figure><\/div>\n\n\n\n<div class=\"wp-block-uagb-image aligncenter uagb-block-4d4ff869 wp-block-uagb-image--layout-default wp-block-uagb-image--effect-static wp-block-uagb-image--align-center\"><figure class=\"wp-block-uagb-image__figure\"><a class=\"\" href=\"https:\/\/meuhoroscopo.net\/cancer-hoje-horoscopo-diario-do-signo\/\" target=\"\" rel=\"noopener\"><img decoding=\"async\" srcset=\"https:\/\/meuhoroscopo.net\/wp-content\/uploads\/2023\/10\/cancer-hoje-horoscopo-do-signo.png ,https:\/\/meuhoroscopo.net\/wp-content\/uploads\/2023\/10\/cancer-hoje-horoscopo-do-signo.png 780w, https:\/\/meuhoroscopo.net\/wp-content\/uploads\/2023\/10\/cancer-hoje-horoscopo-do-signo.png 360w\" sizes=\"auto, (max-width: 480px) 150px\" src=\"https:\/\/meuhoroscopo.net\/wp-content\/uploads\/2023\/10\/cancer-hoje-horoscopo-do-signo.png\" alt=\"c\u00e2ncer hoje hor\u00f3scopo do signo\" class=\"uag-image-14468\" width=\"75\" height=\"75\" title=\"\" loading=\"lazy\"\/><\/a><figcaption class=\"uagb-image-caption\">C\u00e2ncer<\/figcaption><\/figure><\/div>\n\n\n\n<div class=\"wp-block-uagb-image aligncenter uagb-block-75666ed1 wp-block-uagb-image--layout-default wp-block-uagb-image--effect-static wp-block-uagb-image--align-center\"><figure class=\"wp-block-uagb-image__figure\"><a class=\"\" href=\"https:\/\/meuhoroscopo.net\/leao-hoje-horoscopo-diario-do-signo\/\" target=\"\" rel=\"noopener\"><img decoding=\"async\" srcset=\"https:\/\/meuhoroscopo.net\/wp-content\/uploads\/2023\/10\/leao-hoje-horoscopo-do-signo.png ,https:\/\/meuhoroscopo.net\/wp-content\/uploads\/2023\/10\/leao-hoje-horoscopo-do-signo.png 780w, https:\/\/meuhoroscopo.net\/wp-content\/uploads\/2023\/10\/leao-hoje-horoscopo-do-signo.png 360w\" sizes=\"auto, (max-width: 480px) 150px\" src=\"https:\/\/meuhoroscopo.net\/wp-content\/uploads\/2023\/10\/leao-hoje-horoscopo-do-signo.png\" alt=\"le\u00e3o hoje hor\u00f3scopo do signo\" class=\"uag-image-14422\" width=\"75\" height=\"75\" title=\"\" loading=\"lazy\"\/><\/a><figcaption class=\"uagb-image-caption\">Le\u00e3o<\/figcaption><\/figure><\/div>\n\n\n\n<div class=\"wp-block-uagb-image aligncenter uagb-block-4d4ff869 wp-block-uagb-image--layout-default wp-block-uagb-image--effect-static wp-block-uagb-image--align-center\"><figure class=\"wp-block-uagb-image__figure\"><a class=\"\" href=\"https:\/\/meuhoroscopo.net\/virgem-hoje-horoscopo-diario-do-signo\/\" target=\"\" rel=\"noopener\"><img decoding=\"async\" srcset=\"https:\/\/meuhoroscopo.net\/wp-content\/uploads\/2023\/10\/virgem-hoje-horoscopo-do-signo.png ,https:\/\/meuhoroscopo.net\/wp-content\/uploads\/2023\/10\/virgem-hoje-horoscopo-do-signo.png 780w, https:\/\/meuhoroscopo.net\/wp-content\/uploads\/2023\/10\/virgem-hoje-horoscopo-do-signo.png 360w\" sizes=\"auto, (max-width: 480px) 150px\" src=\"https:\/\/meuhoroscopo.net\/wp-content\/uploads\/2023\/10\/virgem-hoje-horoscopo-do-signo.png\" alt=\"virgem hoje hor\u00f3scopo do signo\" class=\"uag-image-14427\" width=\"75\" height=\"75\" title=\"\" loading=\"lazy\"\/><\/a><figcaption class=\"uagb-image-caption\">Virgem<\/figcaption><\/figure><\/div>\n\n\n\n<div class=\"wp-block-uagb-image aligncenter uagb-block-75666ed1 wp-block-uagb-image--layout-default wp-block-uagb-image--effect-static wp-block-uagb-image--align-center\"><figure class=\"wp-block-uagb-image__figure\"><a class=\"\" href=\"https:\/\/meuhoroscopo.net\/libra-hoje-horoscopo-diario-do-signo\/\" target=\"\" rel=\"noopener\"><img decoding=\"async\" srcset=\"https:\/\/meuhoroscopo.net\/wp-content\/uploads\/2023\/10\/libra-hoje-horoscopo-do-signo.png ,https:\/\/meuhoroscopo.net\/wp-content\/uploads\/2023\/10\/libra-hoje-horoscopo-do-signo.png 780w, https:\/\/meuhoroscopo.net\/wp-content\/uploads\/2023\/10\/libra-hoje-horoscopo-do-signo.png 360w\" sizes=\"auto, (max-width: 480px) 150px\" src=\"https:\/\/meuhoroscopo.net\/wp-content\/uploads\/2023\/10\/libra-hoje-horoscopo-do-signo.png\" alt=\"libra hoje hor\u00f3scopo do signo\" class=\"uag-image-14423\" width=\"75\" height=\"75\" title=\"\" loading=\"lazy\"\/><\/a><figcaption class=\"uagb-image-caption\">Libra<\/figcaption><\/figure><\/div>\n\n\n\n<div class=\"wp-block-uagb-image aligncenter uagb-block-1699ec66 wp-block-uagb-image--layout-default wp-block-uagb-image--effect-static wp-block-uagb-image--align-center\"><figure class=\"wp-block-uagb-image__figure\"><a class=\"\" href=\"https:\/\/meuhoroscopo.net\/escorpiao-hoje-horoscopo-diario-do-signo\/\" target=\"\" rel=\"noopener\"><img decoding=\"async\" srcset=\"https:\/\/meuhoroscopo.net\/wp-content\/uploads\/2023\/10\/escorpiao-hoje-horoscopo-do-signo.png ,https:\/\/meuhoroscopo.net\/wp-content\/uploads\/2023\/10\/escorpiao-hoje-horoscopo-do-signo.png 780w, https:\/\/meuhoroscopo.net\/wp-content\/uploads\/2023\/10\/escorpiao-hoje-horoscopo-do-signo.png 360w\" sizes=\"auto, (max-width: 480px) 150px\" src=\"https:\/\/meuhoroscopo.net\/wp-content\/uploads\/2023\/10\/escorpiao-hoje-horoscopo-do-signo.png\" alt=\"escorpi\u00e3o hoje hor\u00f3scopo do signo\" class=\"uag-image-14420\" width=\"75\" height=\"75\" title=\"\" loading=\"lazy\"\/><\/a><figcaption class=\"uagb-image-caption\">Escorpi\u00e3o<\/figcaption><\/figure><\/div>\n\n\n\n<div class=\"wp-block-uagb-image aligncenter uagb-block-1699ec66 wp-block-uagb-image--layout-default wp-block-uagb-image--effect-static wp-block-uagb-image--align-center\"><figure class=\"wp-block-uagb-image__figure\"><a class=\"\" href=\"https:\/\/meuhoroscopo.net\/sagitario-hoje-horoscopo-diario-do-signo\/\" target=\"\" rel=\"noopener\"><img decoding=\"async\" srcset=\"https:\/\/meuhoroscopo.net\/wp-content\/uploads\/2023\/10\/sagitario-hoje-horoscopo-do-signo.png ,https:\/\/meuhoroscopo.net\/wp-content\/uploads\/2023\/10\/sagitario-hoje-horoscopo-do-signo.png 780w, https:\/\/meuhoroscopo.net\/wp-content\/uploads\/2023\/10\/sagitario-hoje-horoscopo-do-signo.png 360w\" sizes=\"auto, (max-width: 480px) 150px\" src=\"https:\/\/meuhoroscopo.net\/wp-content\/uploads\/2023\/10\/sagitario-hoje-horoscopo-do-signo.png\" alt=\"sagit\u00e1rio hoje hor\u00f3scopo do signo\" class=\"uag-image-14425\" width=\"75\" height=\"75\" title=\"\" loading=\"lazy\"\/><\/a><figcaption class=\"uagb-image-caption\">Sagit\u00e1rio<\/figcaption><\/figure><\/div>\n\n\n\n<div class=\"wp-block-uagb-image aligncenter uagb-block-4d4ff869 wp-block-uagb-image--layout-default wp-block-uagb-image--effect-static wp-block-uagb-image--align-center\"><figure class=\"wp-block-uagb-image__figure\"><a class=\"\" href=\"https:\/\/meuhoroscopo.net\/capricornio-hoje-horoscopo-diario-do-signo\/\" target=\"\" rel=\"noopener\"><img decoding=\"async\" srcset=\"https:\/\/meuhoroscopo.net\/wp-content\/uploads\/2023\/10\/capricornio-hoje-horoscopo-do-signo.png ,https:\/\/meuhoroscopo.net\/wp-content\/uploads\/2023\/10\/capricornio-hoje-horoscopo-do-signo.png 780w, https:\/\/meuhoroscopo.net\/wp-content\/uploads\/2023\/10\/capricornio-hoje-horoscopo-do-signo.png 360w\" sizes=\"auto, (max-width: 480px) 150px\" src=\"https:\/\/meuhoroscopo.net\/wp-content\/uploads\/2023\/10\/capricornio-hoje-horoscopo-do-signo.png\" alt=\"capric\u00f3rnio hoje hor\u00f3scopo do signo\" class=\"uag-image-14419\" width=\"75\" height=\"75\" title=\"\" loading=\"lazy\"\/><\/a><figcaption class=\"uagb-image-caption\">Capric\u00f3rnio<\/figcaption><\/figure><\/div>\n\n\n\n<div class=\"wp-block-uagb-image aligncenter uagb-block-75666ed1 wp-block-uagb-image--layout-default wp-block-uagb-image--effect-static wp-block-uagb-image--align-center\"><figure class=\"wp-block-uagb-image__figure\"><a class=\"\" href=\"https:\/\/meuhoroscopo.net\/aquario-hoje-horoscopo-diario-do-signo\/\" target=\"\" rel=\"noopener\"><img decoding=\"async\" srcset=\"https:\/\/meuhoroscopo.net\/wp-content\/uploads\/2023\/10\/aquario-hoje-horoscopo-do-signo.png ,https:\/\/meuhoroscopo.net\/wp-content\/uploads\/2023\/10\/aquario-hoje-horoscopo-do-signo.png 780w, https:\/\/meuhoroscopo.net\/wp-content\/uploads\/2023\/10\/aquario-hoje-horoscopo-do-signo.png 360w\" sizes=\"auto, (max-width: 480px) 150px\" src=\"https:\/\/meuhoroscopo.net\/wp-content\/uploads\/2023\/10\/aquario-hoje-horoscopo-do-signo.png\" alt=\"aqu\u00e1rio hoje hor\u00f3scopo do signo\" class=\"uag-image-14467\" width=\"75\" height=\"75\" title=\"\" loading=\"lazy\"\/><\/a><figcaption class=\"uagb-image-caption\">Aqu\u00e1rio<\/figcaption><\/figure><\/div>\n\n\n\n<div class=\"wp-block-uagb-image aligncenter uagb-block-1699ec66 wp-block-uagb-image--layout-default wp-block-uagb-image--effect-static wp-block-uagb-image--align-center\"><figure class=\"wp-block-uagb-image__figure\"><a class=\"\" href=\"https:\/\/meuhoroscopo.net\/peixes-hoje-horoscopo-diario-do-signo\/\" target=\"\" rel=\"noopener\"><img decoding=\"async\" srcset=\"https:\/\/meuhoroscopo.net\/wp-content\/uploads\/2023\/10\/peixes-hoje-horoscopo-do-signo.png ,https:\/\/meuhoroscopo.net\/wp-content\/uploads\/2023\/10\/peixes-hoje-horoscopo-do-signo.png 780w, https:\/\/meuhoroscopo.net\/wp-content\/uploads\/2023\/10\/peixes-hoje-horoscopo-do-signo.png 360w\" sizes=\"auto, (max-width: 480px) 150px\" src=\"https:\/\/meuhoroscopo.net\/wp-content\/uploads\/2023\/10\/peixes-hoje-horoscopo-do-signo.png\" alt=\"peixes hoje hor\u00f3scopo do signo\" class=\"uag-image-14424\" width=\"75\" height=\"75\" title=\"\" loading=\"lazy\"\/><\/a><figcaption class=\"uagb-image-caption\">Peixes<\/figcaption><\/figure><\/div>\n<\/div>\n\n\n\n<h3 class=\"wp-block-heading has-text-align-center has-large-font-size\">Aprofunde-se na Sabedoria Astral<\/h3>\n\n\n\n<p>Al\u00e9m do seu hor\u00f3scopo di\u00e1rio, oferecemos uma rica biblioteca de recursos para aqueles que desejam aprofundar-se na sabedoria astral. Explore nossos <a href=\"https:\/\/meuhoroscopo.net\/category\/astrologia\/\" data-type=\"link\" data-id=\"https:\/\/meuhoroscopo.net\/category\/astrologia\/\">artigos sobre astrologia<\/a>, que abrangem desde os fundamentos b\u00e1sicos at\u00e9 conceitos avan\u00e7ados. Descubra como os tr\u00e2nsitos planet\u00e1rios podem influenciar suas decis\u00f5es e aprenda a tirar o m\u00e1ximo proveito das energias c\u00f3smicas dispon\u00edveis. Se souber ingl\u00eas (ou usar um tradutor haha), voc\u00ea pode aprender muito tamb\u00e9m no <a href=\"https:\/\/www.astrology.com\/learn\" target=\"_blank\" data-type=\"link\" data-id=\"https:\/\/www.astrology.com\/learn\" rel=\"noreferrer noopener\">Astrology.com<\/a>!<\/p>\n\n\n\n<figure class=\"wp-block-image aligncenter size-large\"><img decoding=\"async\" width=\"1024\" height=\"585\" src=\"https:\/\/meuhoroscopo.net\/wp-content\/uploads\/2023\/10\/Horoscopo-de-Amanha-1024x585.png\" alt=\"Hor\u00f3scopo de hoje\" class=\"wp-image-15483\" srcset=\"https:\/\/meuhoroscopo.net\/wp-content\/uploads\/2023\/10\/Horoscopo-de-Amanha-1024x585.png 1024w, https:\/\/meuhoroscopo.net\/wp-content\/uploads\/2023\/10\/Horoscopo-de-Amanha-300x171.png 300w, https:\/\/meuhoroscopo.net\/wp-content\/uploads\/2023\/10\/Horoscopo-de-Amanha-768x439.png 768w, https:\/\/meuhoroscopo.net\/wp-content\/uploads\/2023\/10\/Horoscopo-de-Amanha-1536x878.png 1536w, https:\/\/meuhoroscopo.net\/wp-content\/uploads\/2023\/10\/Horoscopo-de-Amanha.png 1792w\" sizes=\"(max-width: 1024px) 100vw, 1024px\" \/><\/figure>\n\n\n\n<h2 class=\"wp-block-heading has-text-align-center has-large-font-size\">Explore a Compatibilidade entre Signos<\/h2>\n\n\n\n<p>A jornada atrav\u00e9s dos zod\u00edacos tamb\u00e9m \u00e9 uma jornada de relacionamentos. Descubra como sua energia astral se harmoniza com a de outros signos explorando nossas <a href=\"https:\/\/meuhoroscopo.net\/combinacoes-de-signos-no-amor\/\" data-type=\"page\" data-id=\"1074\">tabelas de compatibilidade entre signos<\/a>. Este recurso pode iluminar o caminho para amizades mais profundas, parcerias amorosas e colabora\u00e7\u00f5es frut\u00edferas no trabalho.<\/p>\n","protected":false},"excerpt":{"rendered":"<p>Prepare-se para o dia seguinte com o seu hor\u00f3scopo de amanh\u00e3, explore as previs\u00f5es astrol\u00f3gicas de cada signo do zod\u00edaco!<\/p>\n","protected":false},"author":2,"featured_media":15483,"parent":0,"menu_order":0,"comment_status":"closed","ping_status":"closed","template":"","meta":{"footnotes":""},"class_list":["post-15775","page","type-page","status-publish","has-post-thumbnail","hentry"],"_links":{"self":[{"href":"https:\/\/meuhoroscopo.net\/pt_br\/wp-json\/wp\/v2\/pages\/15775","targetHints":{"allow":["GET"]}}],"collection":[{"href":"https:\/\/meuhoroscopo.net\/pt_br\/wp-json\/wp\/v2\/pages"}],"about":[{"href":"https:\/\/meuhoroscopo.net\/pt_br\/wp-json\/wp\/v2\/types\/page"}],"author":[{"embeddable":true,"href":"https:\/\/meuhoroscopo.net\/pt_br\/wp-json\/wp\/v2\/users\/2"}],"replies":[{"embeddable":true,"href":"https:\/\/meuhoroscopo.net\/pt_br\/wp-json\/wp\/v2\/comments?post=15775"}],"version-history":[{"count":0,"href":"https:\/\/meuhoroscopo.net\/pt_br\/wp-json\/wp\/v2\/pages\/15775\/revisions"}],"wp:featuredmedia":[{"embeddable":true,"href":"https:\/\/meuhoroscopo.net\/pt_br\/wp-json\/wp\/v2\/media\/15483"}],"wp:attachment":[{"href":"https:\/\/meuhoroscopo.net\/pt_br\/wp-json\/wp\/v2\/media?parent=15775"}],"curies":[{"name":"wp","href":"https:\/\/api.w.org\/{rel}","templated":true}]}}