{"id":1424,"date":"2022-06-20T22:03:32","date_gmt":"2022-06-21T01:03:32","guid":{"rendered":"https:\/\/meuhoroscopo.net\/?page_id=1424"},"modified":"2023-10-21T16:03:42","modified_gmt":"2023-10-21T19:03:42","slug":"como-cancer-e-cancer-combinam-no-amor","status":"publish","type":"page","link":"https:\/\/meuhoroscopo.net\/pt_br\/como-cancer-e-cancer-combinam-no-amor\/","title":{"rendered":"Como C\u00e2ncer e C\u00e2ncer combinam no amor"},"content":{"rendered":"\n<div class=\"wp-block-group is-content-justification-center is-nowrap is-layout-flex wp-container-core-group-is-layout-23441af8 wp-block-group-is-layout-flex\">\n<figure class=\"wp-block-image size-full is-resized\"><img decoding=\"async\" width=\"512\" height=\"512\" src=\"https:\/\/meuhoroscopo.net\/wp-content\/uploads\/2023\/10\/cancer-hoje-horoscopo-do-signo.png\" alt=\"c\u00e2ncer hoje hor\u00f3scopo do signo\" class=\"wp-image-14468\" style=\"object-fit:cover;width:100px;height:100px\" srcset=\"https:\/\/meuhoroscopo.net\/wp-content\/uploads\/2023\/10\/cancer-hoje-horoscopo-do-signo.png 512w, https:\/\/meuhoroscopo.net\/wp-content\/uploads\/2023\/10\/cancer-hoje-horoscopo-do-signo-300x300.png 300w, https:\/\/meuhoroscopo.net\/wp-content\/uploads\/2023\/10\/cancer-hoje-horoscopo-do-signo-150x150.png 150w\" sizes=\"(max-width: 512px) 100vw, 512px\" \/><\/figure>\n\n\n\n<div class=\"wp-block-uagb-icon uagb-block-465de987 uagb-icon-wrapper\"><span class=\"uagb-svg-wrapper\"><svg xmlns=\"https:\/\/www.w3.org\/2000\/svg\" viewBox=\"0 0 512 512\"><path d=\"M0 190.9V185.1C0 115.2 50.52 55.58 119.4 44.1C164.1 36.51 211.4 51.37 244 84.02L256 96L267.1 84.02C300.6 51.37 347 36.51 392.6 44.1C461.5 55.58 512 115.2 512 185.1V190.9C512 232.4 494.8 272.1 464.4 300.4L283.7 469.1C276.2 476.1 266.3 480 256 480C245.7 480 235.8 476.1 228.3 469.1L47.59 300.4C17.23 272.1 .0003 232.4 .0003 190.9L0 190.9z\"><\/path><\/svg><\/span><\/div>\n\n\n\n<figure class=\"wp-block-image size-full is-resized\"><img decoding=\"async\" width=\"512\" height=\"512\" src=\"https:\/\/meuhoroscopo.net\/wp-content\/uploads\/2023\/10\/cancer-hoje-horoscopo-do-signo.png\" alt=\"c\u00e2ncer hoje hor\u00f3scopo do signo\" class=\"wp-image-14468\" style=\"object-fit:cover;width:100px;height:100px\" srcset=\"https:\/\/meuhoroscopo.net\/wp-content\/uploads\/2023\/10\/cancer-hoje-horoscopo-do-signo.png 512w, https:\/\/meuhoroscopo.net\/wp-content\/uploads\/2023\/10\/cancer-hoje-horoscopo-do-signo-300x300.png 300w, https:\/\/meuhoroscopo.net\/wp-content\/uploads\/2023\/10\/cancer-hoje-horoscopo-do-signo-150x150.png 150w\" sizes=\"(max-width: 512px) 100vw, 512px\" \/><\/figure>\n<\/div>\n\n\n\n<h3 class=\"wp-block-heading\">Quando dois cancerianos se re\u00fanem em um caso de amor, um relacionamento dom\u00e9stico amoroso e muito emocional acontece<\/h3>\n\n\n\n<p>Um par de C\u00e2ncer e C\u00e2ncer cria um casa profundamente dedicado e fiel um ao outro. Ambos aprender\u00e3o os pr\u00f3s e contras de seu parceiro, as melhores maneiras de se aquecerem ou, se necess\u00e1rio, esfriar um ao outro. Ambos tamb\u00e9m encontrar\u00e3o grande conforto e satisfa\u00e7\u00e3o em seu comprometimento m\u00fatuo. Este casal \u00e9 fiel e atencioso, prestativo e solid\u00e1rio com as necessidades individuais e muito orientado para a cria\u00e7\u00e3o de um lar e a cria\u00e7\u00e3o de um senso de fam\u00edlia \u2013 especialmente quando eles conseguem superar seus h\u00e1bitos preocupantes, manipuladores e de autocomisera\u00e7\u00e3o. Se eles puderem encontrar uma maneira de controlar suas emo\u00e7\u00f5es fluidas e temperamentais, essa rela\u00e7\u00e3o nutrir\u00e1 ambos os amantes.<\/p>\n\n\n\n<p>Lugar de um c\u00e2ncer \u00e9 a sua casa. Uma vez entrincheirados em seu santu\u00e1rio pessoal, o mal-humorado Caranguejo pode esquecer o mundo exterior, sem prestar aten\u00e7\u00e3o \u00e0s opini\u00f5es dos outros, preocupados apenas com o que est\u00e1 acontecendo por tr\u00e1s de suas pr\u00f3prias portas fechadas. Essa atitude transita para os relacionamentos: assim como suas preciosas posses e confortos materiais, C\u00e2ncer nunca hesita em defender um ente querido se for amea\u00e7ado. Esta devo\u00e7\u00e3o e vontade de lutar pela sobreviv\u00eancia e sucesso de seus relacionamentos s\u00e3o, na verdade, as maiores contribui\u00e7\u00f5es do caranguejo para o jogo do amor. N\u00e3o \u00e9 de admirar que o signo de C\u00e2ncer seja o caranguejo, pois explos\u00f5es s\u00e3o comuns com esse crust\u00e1ceo emocional. Embora o humor deles possa ferir os sentimentos um do outro.<\/p>\n\n\n\n<p>A Lua (Emo\u00e7\u00e3o) rege C\u00e2ncer, e este Signo \u00e9 sens\u00edvel aos estados de esp\u00edrito que v\u00e3o e vem com os ciclos mensais da Lua. A Lua, a esfera materna dos c\u00e9us, \u00e9 a for\u00e7a celestial por detr\u00e1s da grande natureza maternal e cuidadora de C\u00e2ncer. A energia deste instinto cria um ambiente acolhedor e seguro, um perfeito ninho de amor para o crescimento e o cultivo de um relacionamento saud\u00e1vel.<\/p>\n\n\n\n<p>C\u00e2ncer \u00e9 um signo de \u00e1gua. O instinto e a emo\u00e7\u00e3o dirigem esse relacionamento. Com esses profundos e intensos poderes intuitivos, surge uma fragilidade, j\u00e1 que os sentimentos de C\u00e2ncer s\u00e3o fr\u00e1geis e facilmente feridos. Da\u00ed, aquela casca de caranguejo na qual eles se escondem quando assustados ou oprimidos. Ent\u00e3o, muitas vezes recuar para suas conchas pode colocar uma press\u00e3o sobre qualquer rela\u00e7\u00e3o com um c\u00e2ncer, mas dois caranguejos juntos esperan\u00e7osamente ser\u00e3o perceptivos sobre as necessidades de espa\u00e7o pessoal e temporais de cada um. A chave \u00e9 perceber que n\u00e3o \u00e9 uma falta pessoal se um desses caranguejos quiser algum tempo sozinho. Este elemento aquoso de sua natureza pode proteg\u00ea-los e aos seus entes queridos das duras realidades do mundo exterior.<\/p>\n\n\n\n<p>C\u00e2ncer \u00e9 um signo cardinal. Embora n\u00e3o sejam os mais ativos fisicamente dos Signos, os r\u00e1pidos reflexos emocionais e os poderes de percep\u00e7\u00e3o do C\u00e2ncer oferecem uma linha alternativa de defesa sob estresse. O caranguejo n\u00e3o tem vergonha de obter exatamente o que eles querem do parceiro. A fera protetora \u00e9 o primeiro elemento emocional a pular para frente sob estresse ou uma amea\u00e7a \u00e0 matilha. No entanto, essas explos\u00f5es de emo\u00e7\u00e3o podem sobrecarregar um c\u00e2ncer e esmagar seus sentimentos ternos. Lealdade feroz vincula este jogo de amor entre c\u00e2ncer e c\u00e2ncer, mas tamb\u00e9m pode amea\u00e7ar sua pr\u00f3pria exist\u00eancia. Ambos os parceiros devem sempre se esfor\u00e7ar para ver as coisas do ponto de vista do amante, assim como do seu.<\/p>\n\n\n\n<p>Qual \u00e9 a melhor coisa sobre o jogo de amor entre c\u00e2ncer e c\u00e2ncer? Sua total devo\u00e7\u00e3o a enriquecer seu compromisso e o forte v\u00ednculo emocional entre eles. Juntos, esse par proteger\u00e1 um ao outro e manter\u00e1 seu amor a salvo do mundo exterior, bem como trabalhar\u00e1 para criar uma vida dom\u00e9stica feliz e nutrir uma fam\u00edlia amorosa.<\/p>\n\n\n\n<div class=\"wp-block-group has-background has-small-font-size is-layout-flow wp-block-group-is-layout-flow\" style=\"background-color:#ffcad7;padding-top:var(--wp--preset--spacing--20);padding-right:var(--wp--preset--spacing--20);padding-bottom:var(--wp--preset--spacing--20);padding-left:var(--wp--preset--spacing--20)\">\n<h3 class=\"wp-block-heading has-text-align-center\">Combina\u00e7\u00f5es de c\u00e2ncer no amor<\/h3>\n\n\n\n<div class=\"wp-block-group is-content-justification-center is-layout-flex wp-container-core-group-is-layout-b02886af wp-block-group-is-layout-flex\">\n<div class=\"wp-block-uagb-image aligncenter uagb-block-4ed478ad wp-block-uagb-image--layout-default wp-block-uagb-image--effect-zoomin wp-block-uagb-image--align-center wp-container-content-9cfa9a5a\"><figure class=\"wp-block-uagb-image__figure\"><a class=\"\" href=\"https:\/\/meuhoroscopo.net\/combinacoes-de-signos-no-amor\/como-aries-e-cancer-combinam-no-amor\/\" target=\"\" rel=\"noopener\"><img decoding=\"async\" srcset=\"https:\/\/meuhoroscopo.net\/wp-content\/uploads\/2023\/10\/aries-hoje-horoscopo-do-signo.png ,https:\/\/meuhoroscopo.net\/wp-content\/uploads\/2023\/10\/aries-hoje-horoscopo-do-signo.png 780w, https:\/\/meuhoroscopo.net\/wp-content\/uploads\/2023\/10\/aries-hoje-horoscopo-do-signo.png 360w\" sizes=\"auto, (max-width: 480px) 150px\" src=\"https:\/\/meuhoroscopo.net\/wp-content\/uploads\/2023\/10\/aries-hoje-horoscopo-do-signo.png\" alt=\"combina\u00e7\u00f5es de \u00e1ries no amor\" class=\"uag-image-14418\" width=\"150\" height=\"150\" title=\"\" loading=\"lazy\"\/><\/a><figcaption class=\"uagb-image-caption\">\u00c1ries 21\/03 a 20\/04<\/figcaption><\/figure><\/div>\n\n\n\n<div class=\"wp-block-uagb-image aligncenter uagb-block-35eee722 wp-block-uagb-image--layout-default wp-block-uagb-image--effect-zoomin wp-block-uagb-image--align-center wp-container-content-9cfa9a5a\"><figure class=\"wp-block-uagb-image__figure\"><a class=\"\" href=\"https:\/\/meuhoroscopo.net\/combinacoes-de-signos-no-amor\/como-touro-e-cancer-combinam-no-amor\/\" target=\"\" rel=\"noopener\"><img decoding=\"async\" srcset=\"https:\/\/meuhoroscopo.net\/wp-content\/uploads\/2023\/10\/touro-hoje-horoscopo-do-signo.png ,https:\/\/meuhoroscopo.net\/wp-content\/uploads\/2023\/10\/touro-hoje-horoscopo-do-signo.png 780w, https:\/\/meuhoroscopo.net\/wp-content\/uploads\/2023\/10\/touro-hoje-horoscopo-do-signo.png 360w\" sizes=\"auto, (max-width: 480px) 150px\" src=\"https:\/\/meuhoroscopo.net\/wp-content\/uploads\/2023\/10\/touro-hoje-horoscopo-do-signo.png\" alt=\"combina\u00e7\u00f5es de touro no amor\" class=\"uag-image-14426\" width=\"150\" height=\"150\" title=\"\" loading=\"lazy\"\/><\/a><figcaption class=\"uagb-image-caption\">Touro 21\/04 a 20\/05<\/figcaption><\/figure><\/div>\n\n\n\n<div class=\"wp-block-uagb-image aligncenter uagb-block-96fca29d wp-block-uagb-image--layout-default wp-block-uagb-image--effect-zoomin wp-block-uagb-image--align-center wp-container-content-9cfa9a5a\"><figure class=\"wp-block-uagb-image__figure\"><a class=\"\" href=\"https:\/\/meuhoroscopo.net\/combinacoes-de-signos-no-amor\/como-gemeos-e-cancer-combinam-no-amor\/\" target=\"\" rel=\"noopener\"><img decoding=\"async\" srcset=\"https:\/\/meuhoroscopo.net\/wp-content\/uploads\/2023\/10\/gemeos-hoje-horoscopo-do-signo.png ,https:\/\/meuhoroscopo.net\/wp-content\/uploads\/2023\/10\/gemeos-hoje-horoscopo-do-signo.png 780w, https:\/\/meuhoroscopo.net\/wp-content\/uploads\/2023\/10\/gemeos-hoje-horoscopo-do-signo.png 360w\" sizes=\"auto, (max-width: 480px) 150px\" src=\"https:\/\/meuhoroscopo.net\/wp-content\/uploads\/2023\/10\/gemeos-hoje-horoscopo-do-signo.png\" alt=\"combina\u00e7\u00f5es de g\u00eameos no amor\" class=\"uag-image-14421\" width=\"150\" height=\"150\" title=\"\" loading=\"lazy\"\/><\/a><figcaption class=\"uagb-image-caption\">G\u00eameos 21\/05 a 20\/06<\/figcaption><\/figure><\/div>\n\n\n\n<div class=\"wp-block-uagb-image aligncenter uagb-block-a5884ed7 wp-block-uagb-image--layout-default wp-block-uagb-image--effect-zoomin wp-block-uagb-image--align-center wp-container-content-9cfa9a5a\"><figure class=\"wp-block-uagb-image__figure\"><a class=\"\" href=\"https:\/\/meuhoroscopo.net\/combinacoes-de-signos-no-amor\/como-cancer-e-cancer-combinam-no-amor\/\" target=\"\" rel=\"noopener\"><img decoding=\"async\" srcset=\"https:\/\/meuhoroscopo.net\/wp-content\/uploads\/2023\/10\/cancer-hoje-horoscopo-do-signo.png ,https:\/\/meuhoroscopo.net\/wp-content\/uploads\/2023\/10\/cancer-hoje-horoscopo-do-signo.png 780w, https:\/\/meuhoroscopo.net\/wp-content\/uploads\/2023\/10\/cancer-hoje-horoscopo-do-signo.png 360w\" sizes=\"auto, (max-width: 480px) 150px\" src=\"https:\/\/meuhoroscopo.net\/wp-content\/uploads\/2023\/10\/cancer-hoje-horoscopo-do-signo.png\" alt=\"combina\u00e7\u00f5es de c\u00e2ncer no amor\" class=\"uag-image-14468\" width=\"150\" height=\"150\" title=\"\" loading=\"lazy\"\/><\/a><figcaption class=\"uagb-image-caption\">C\u00e2ncer 21\/06 a 20\/07<\/figcaption><\/figure><\/div>\n\n\n\n<div class=\"wp-block-uagb-image aligncenter uagb-block-23de750c wp-block-uagb-image--layout-default wp-block-uagb-image--effect-zoomin wp-block-uagb-image--align-center wp-container-content-9cfa9a5a\"><figure class=\"wp-block-uagb-image__figure\"><a class=\"\" href=\"https:\/\/meuhoroscopo.net\/combinacoes-de-signos-no-amor\/como-cancer-e-leao-combinam-no-amor\/\" target=\"\" rel=\"noopener\"><img decoding=\"async\" srcset=\"https:\/\/meuhoroscopo.net\/wp-content\/uploads\/2023\/10\/leao-hoje-horoscopo-do-signo.png ,https:\/\/meuhoroscopo.net\/wp-content\/uploads\/2023\/10\/leao-hoje-horoscopo-do-signo.png 780w, https:\/\/meuhoroscopo.net\/wp-content\/uploads\/2023\/10\/leao-hoje-horoscopo-do-signo.png 360w\" sizes=\"auto, (max-width: 480px) 150px\" src=\"https:\/\/meuhoroscopo.net\/wp-content\/uploads\/2023\/10\/leao-hoje-horoscopo-do-signo.png\" alt=\"combina\u00e7\u00f5es de le\u00e3o no amor\" class=\"uag-image-14422\" width=\"150\" height=\"150\" title=\"\" loading=\"lazy\"\/><\/a><figcaption class=\"uagb-image-caption\">Le\u00e3o 21\/07 a 22\/08<\/figcaption><\/figure><\/div>\n\n\n\n<div class=\"wp-block-uagb-image aligncenter uagb-block-d3120c1a wp-block-uagb-image--layout-default wp-block-uagb-image--effect-zoomin wp-block-uagb-image--align-center wp-container-content-9cfa9a5a\"><figure class=\"wp-block-uagb-image__figure\"><a class=\"\" href=\"https:\/\/meuhoroscopo.net\/combinacoes-de-signos-no-amor\/como-cancer-e-virgem-combinam-no-amor\/\" target=\"\" rel=\"noopener\"><img decoding=\"async\" srcset=\"https:\/\/meuhoroscopo.net\/wp-content\/uploads\/2023\/10\/virgem-hoje-horoscopo-do-signo.png ,https:\/\/meuhoroscopo.net\/wp-content\/uploads\/2023\/10\/virgem-hoje-horoscopo-do-signo.png 780w, https:\/\/meuhoroscopo.net\/wp-content\/uploads\/2023\/10\/virgem-hoje-horoscopo-do-signo.png 360w\" sizes=\"auto, (max-width: 480px) 150px\" src=\"https:\/\/meuhoroscopo.net\/wp-content\/uploads\/2023\/10\/virgem-hoje-horoscopo-do-signo.png\" alt=\"combina\u00e7\u00f5es de virgem no amor\" class=\"uag-image-14427\" width=\"150\" height=\"150\" title=\"\" loading=\"lazy\"\/><\/a><figcaption class=\"uagb-image-caption\">Virgem 23\/08 a 22\/09<\/figcaption><\/figure><\/div>\n\n\n\n<div class=\"wp-block-uagb-image aligncenter uagb-block-8493c63e wp-block-uagb-image--layout-default wp-block-uagb-image--effect-zoomin wp-block-uagb-image--align-center wp-container-content-9cfa9a5a\"><figure class=\"wp-block-uagb-image__figure\"><a class=\"\" href=\"https:\/\/meuhoroscopo.net\/combinacoes-de-signos-no-amor\/como-cancer-e-libra-combinam-no-amor\/\" target=\"\" rel=\"noopener\"><img decoding=\"async\" srcset=\"https:\/\/meuhoroscopo.net\/wp-content\/uploads\/2023\/10\/libra-hoje-horoscopo-do-signo.png ,https:\/\/meuhoroscopo.net\/wp-content\/uploads\/2023\/10\/libra-hoje-horoscopo-do-signo.png 780w, https:\/\/meuhoroscopo.net\/wp-content\/uploads\/2023\/10\/libra-hoje-horoscopo-do-signo.png 360w\" sizes=\"auto, (max-width: 480px) 150px\" src=\"https:\/\/meuhoroscopo.net\/wp-content\/uploads\/2023\/10\/libra-hoje-horoscopo-do-signo.png\" alt=\"combina\u00e7\u00f5es de libra no amor\" class=\"uag-image-14423\" width=\"150\" height=\"150\" title=\"\" loading=\"lazy\"\/><\/a><figcaption class=\"uagb-image-caption\">Libra 23\/09 a 22\/10<\/figcaption><\/figure><\/div>\n\n\n\n<div class=\"wp-block-uagb-image aligncenter uagb-block-c6cc0928 wp-block-uagb-image--layout-default wp-block-uagb-image--effect-zoomin wp-block-uagb-image--align-center wp-container-content-9cfa9a5a\"><figure class=\"wp-block-uagb-image__figure\"><a class=\"\" href=\"https:\/\/meuhoroscopo.net\/combinacoes-de-signos-no-amor\/como-cancer-e-escorpiao-combinam-no-amor\/\" target=\"\" rel=\"noopener\"><img decoding=\"async\" srcset=\"https:\/\/meuhoroscopo.net\/wp-content\/uploads\/2023\/10\/escorpiao-hoje-horoscopo-do-signo.png ,https:\/\/meuhoroscopo.net\/wp-content\/uploads\/2023\/10\/escorpiao-hoje-horoscopo-do-signo.png 780w, https:\/\/meuhoroscopo.net\/wp-content\/uploads\/2023\/10\/escorpiao-hoje-horoscopo-do-signo.png 360w\" sizes=\"auto, (max-width: 480px) 150px\" src=\"https:\/\/meuhoroscopo.net\/wp-content\/uploads\/2023\/10\/escorpiao-hoje-horoscopo-do-signo.png\" alt=\"combina\u00e7\u00f5es de escorpi\u00e3o no amor\" class=\"uag-image-14420\" width=\"150\" height=\"150\" title=\"\" loading=\"lazy\"\/><\/a><figcaption class=\"uagb-image-caption\">Escorpi\u00e3o 23\/10 a 21\/11<\/figcaption><\/figure><\/div>\n\n\n\n<div class=\"wp-block-uagb-image aligncenter uagb-block-1842198f wp-block-uagb-image--layout-default wp-block-uagb-image--effect-zoomin wp-block-uagb-image--align-center wp-container-content-9cfa9a5a\"><figure class=\"wp-block-uagb-image__figure\"><a class=\"\" href=\"https:\/\/meuhoroscopo.net\/combinacoes-de-signos-no-amor\/como-cancer-e-sagitario-combinam-no-amor\/\" target=\"\" rel=\"noopener\"><img decoding=\"async\" srcset=\"https:\/\/meuhoroscopo.net\/wp-content\/uploads\/2023\/10\/sagitario-hoje-horoscopo-do-signo.png ,https:\/\/meuhoroscopo.net\/wp-content\/uploads\/2023\/10\/sagitario-hoje-horoscopo-do-signo.png 780w, https:\/\/meuhoroscopo.net\/wp-content\/uploads\/2023\/10\/sagitario-hoje-horoscopo-do-signo.png 360w\" sizes=\"auto, (max-width: 480px) 150px\" src=\"https:\/\/meuhoroscopo.net\/wp-content\/uploads\/2023\/10\/sagitario-hoje-horoscopo-do-signo.png\" alt=\"combina\u00e7\u00f5es de sagit\u00e1rio no amor\" class=\"uag-image-14425\" width=\"150\" height=\"150\" title=\"\" loading=\"lazy\"\/><\/a><figcaption class=\"uagb-image-caption\">Sagit\u00e1rio 22\/11 a 21\/12<\/figcaption><\/figure><\/div>\n\n\n\n<div class=\"wp-block-uagb-image aligncenter uagb-block-aa5ae009 wp-block-uagb-image--layout-default wp-block-uagb-image--effect-zoomin wp-block-uagb-image--align-center wp-container-content-9cfa9a5a\"><figure class=\"wp-block-uagb-image__figure\"><a class=\"\" href=\"https:\/\/meuhoroscopo.net\/combinacoes-de-signos-no-amor\/como-cancer-e-capricornio-combinam-no-amor\/\" target=\"\" rel=\"noopener\"><img decoding=\"async\" srcset=\"https:\/\/meuhoroscopo.net\/wp-content\/uploads\/2023\/10\/capricornio-hoje-horoscopo-do-signo.png ,https:\/\/meuhoroscopo.net\/wp-content\/uploads\/2023\/10\/capricornio-hoje-horoscopo-do-signo.png 780w, https:\/\/meuhoroscopo.net\/wp-content\/uploads\/2023\/10\/capricornio-hoje-horoscopo-do-signo.png 360w\" sizes=\"auto, (max-width: 480px) 150px\" src=\"https:\/\/meuhoroscopo.net\/wp-content\/uploads\/2023\/10\/capricornio-hoje-horoscopo-do-signo.png\" alt=\"combina\u00e7\u00f5es de capric\u00f3rnio no amor\" class=\"uag-image-14419\" width=\"150\" height=\"150\" title=\"\" loading=\"lazy\"\/><\/a><figcaption class=\"uagb-image-caption\">Capric\u00f3rnio 22\/12 a 20\/01<\/figcaption><\/figure><\/div>\n\n\n\n<div class=\"wp-block-uagb-image aligncenter uagb-block-b42229e0 wp-block-uagb-image--layout-default wp-block-uagb-image--effect-zoomin wp-block-uagb-image--align-center wp-container-content-9cfa9a5a\"><figure class=\"wp-block-uagb-image__figure\"><a class=\"\" href=\"https:\/\/meuhoroscopo.net\/combinacoes-de-signos-no-amor\/como-cancer-e-aquario-combinam-no-amor\/\" target=\"\" rel=\"noopener\"><img decoding=\"async\" srcset=\"https:\/\/meuhoroscopo.net\/wp-content\/uploads\/2023\/10\/aquario-hoje-horoscopo-do-signo.png ,https:\/\/meuhoroscopo.net\/wp-content\/uploads\/2023\/10\/aquario-hoje-horoscopo-do-signo.png 780w, https:\/\/meuhoroscopo.net\/wp-content\/uploads\/2023\/10\/aquario-hoje-horoscopo-do-signo.png 360w\" sizes=\"auto, (max-width: 480px) 150px\" src=\"https:\/\/meuhoroscopo.net\/wp-content\/uploads\/2023\/10\/aquario-hoje-horoscopo-do-signo.png\" alt=\"combina\u00e7\u00f5es de aqu\u00e1rio no amor\" class=\"uag-image-14467\" width=\"150\" height=\"150\" title=\"\" loading=\"lazy\"\/><\/a><figcaption class=\"uagb-image-caption\">Aqu\u00e1rio 21\/01 a 19\/02<\/figcaption><\/figure><\/div>\n\n\n\n<div class=\"wp-block-uagb-image aligncenter uagb-block-c679d5b5 wp-block-uagb-image--layout-default wp-block-uagb-image--effect-zoomin wp-block-uagb-image--align-center wp-container-content-9cfa9a5a\"><figure class=\"wp-block-uagb-image__figure\"><a class=\"\" href=\"https:\/\/meuhoroscopo.net\/combinacoes-de-signos-no-amor\/como-cancer-e-peixes-combinam-no-amor\/\" target=\"\" rel=\"noopener\"><img decoding=\"async\" srcset=\"https:\/\/meuhoroscopo.net\/wp-content\/uploads\/2023\/10\/peixes-hoje-horoscopo-do-signo.png ,https:\/\/meuhoroscopo.net\/wp-content\/uploads\/2023\/10\/peixes-hoje-horoscopo-do-signo.png 780w, https:\/\/meuhoroscopo.net\/wp-content\/uploads\/2023\/10\/peixes-hoje-horoscopo-do-signo.png 360w\" sizes=\"auto, (max-width: 480px) 150px\" src=\"https:\/\/meuhoroscopo.net\/wp-content\/uploads\/2023\/10\/peixes-hoje-horoscopo-do-signo.png\" alt=\"combina\u00e7\u00f5es de peixes no amor\" class=\"uag-image-14424\" width=\"150\" height=\"150\" title=\"\" loading=\"lazy\"\/><\/a><figcaption class=\"uagb-image-caption\">Peixes 20\/02 a 20\/03<\/figcaption><\/figure><\/div>\n<\/div>\n<\/div>\n","protected":false},"excerpt":{"rendered":"<p>Quando dois cancerianos se re\u00fanem em um caso de amor, um relacionamento dom\u00e9stico amoroso e muito emocional acontece Um par de C\u00e2ncer e C\u00e2ncer cria um casa profundamente dedicado e fiel um ao outro. Ambos aprender\u00e3o os pr\u00f3s e contras de seu parceiro, as melhores maneiras de se aquecerem ou, se necess\u00e1rio, esfriar um ao [&hellip;]<\/p>\n","protected":false},"author":1,"featured_media":0,"parent":0,"menu_order":0,"comment_status":"closed","ping_status":"closed","template":"","meta":{"footnotes":""},"class_list":["post-1424","page","type-page","status-publish","hentry"],"_links":{"self":[{"href":"https:\/\/meuhoroscopo.net\/pt_br\/wp-json\/wp\/v2\/pages\/1424","targetHints":{"allow":["GET"]}}],"collection":[{"href":"https:\/\/meuhoroscopo.net\/pt_br\/wp-json\/wp\/v2\/pages"}],"about":[{"href":"https:\/\/meuhoroscopo.net\/pt_br\/wp-json\/wp\/v2\/types\/page"}],"author":[{"embeddable":true,"href":"https:\/\/meuhoroscopo.net\/pt_br\/wp-json\/wp\/v2\/users\/1"}],"replies":[{"embeddable":true,"href":"https:\/\/meuhoroscopo.net\/pt_br\/wp-json\/wp\/v2\/comments?post=1424"}],"version-history":[{"count":0,"href":"https:\/\/meuhoroscopo.net\/pt_br\/wp-json\/wp\/v2\/pages\/1424\/revisions"}],"wp:attachment":[{"href":"https:\/\/meuhoroscopo.net\/pt_br\/wp-json\/wp\/v2\/media?parent=1424"}],"curies":[{"name":"wp","href":"https:\/\/api.w.org\/{rel}","templated":true}]}}