{"id":2430,"date":"2022-08-19T18:23:25","date_gmt":"2022-08-19T21:23:25","guid":{"rendered":"https:\/\/meuhoroscopo.net\/?page_id=2430"},"modified":"2023-10-21T17:01:31","modified_gmt":"2023-10-21T20:01:31","slug":"como-capricornio-y-capricornio-combinan-en-el-amor","status":"publish","type":"page","link":"https:\/\/meuhoroscopo.net\/es\/como-capricornio-y-capricornio-combinan-en-el-amor\/","title":{"rendered":"C\u00f3mo coinciden Capricornio y Capricornio en el amor"},"content":{"rendered":"<div class=\"wp-block-group is-content-justification-center is-nowrap is-layout-flex wp-container-core-group-is-layout-23441af8 wp-block-group-is-layout-flex\">\n<figure class=\"wp-block-image size-full is-resized\"><img decoding=\"async\" width=\"512\" height=\"512\" src=\"https:\/\/meuhoroscopo.net\/wp-content\/uploads\/2023\/10\/capricornio-hoje-horoscopo-do-signo.png\" alt=\"hor\u00f3scopo de hoy del signo capricornio\" class=\"wp-image-14419\" style=\"object-fit:cover;width:100px;height:100px\" srcset=\"https:\/\/meuhoroscopo.net\/wp-content\/uploads\/2023\/10\/capricornio-hoje-horoscopo-do-signo.png 512w, https:\/\/meuhoroscopo.net\/wp-content\/uploads\/2023\/10\/capricornio-hoje-horoscopo-do-signo-300x300.png 300w, https:\/\/meuhoroscopo.net\/wp-content\/uploads\/2023\/10\/capricornio-hoje-horoscopo-do-signo-150x150.png 150w\" sizes=\"(max-width: 512px) 100vw, 512px\" \/><\/figure>\n\n\n\n<div class=\"wp-block-uagb-icon uagb-block-465de987 uagb-icon-wrapper\"><span class=\"uagb-svg-wrapper\"><svg xmlns=\"https:\/\/www.w3.org\/2000\/svg\" viewbox=\"0 0 512 512\"><path d=\"M0 190.9V185.1C0 115.2 50.52 55.58 119.4 44.1C164.1 36.51 211.4 51.37 244 84.02L256 96L267.1 84.02C300.6 51.37 347 36.51 392.6 44.1C461.5 55.58 512 115.2 512 185.1V190.9C512 232.4 494.8 272.1 464.4 300.4L283.7 469.1C276.2 476.1 266.3 480 256 480C245.7 480 235.8 476.1 228.3 469.1L47.59 300.4C17.23 272.1 .0003 232.4 .0003 190.9L0 190.9z\"><\/path><\/svg><\/span><\/div>\n\n\n\n<figure class=\"wp-block-image size-full is-resized\"><img decoding=\"async\" width=\"512\" height=\"512\" src=\"https:\/\/meuhoroscopo.net\/wp-content\/uploads\/2023\/10\/capricornio-hoje-horoscopo-do-signo.png\" alt=\"hor\u00f3scopo de hoy del signo capricornio\" class=\"wp-image-14419\" style=\"object-fit:cover;width:100px;height:100px\" srcset=\"https:\/\/meuhoroscopo.net\/wp-content\/uploads\/2023\/10\/capricornio-hoje-horoscopo-do-signo.png 512w, https:\/\/meuhoroscopo.net\/wp-content\/uploads\/2023\/10\/capricornio-hoje-horoscopo-do-signo-300x300.png 300w, https:\/\/meuhoroscopo.net\/wp-content\/uploads\/2023\/10\/capricornio-hoje-horoscopo-do-signo-150x150.png 150w\" sizes=\"(max-width: 512px) 100vw, 512px\" \/><\/figure>\n<\/div>\n\n\n\n<h3 class=\"wp-block-heading\">Cuando dos Capricornio se unen en una pareja amorosa, crean y contribuyen a un elemento totalmente nuevo y emocionante en la vida del otro.<\/h3>\n\n\n\n<p>El s\u00edmbolo de Capricornio es la cabra marina, el animal siempre en ascenso desde el mar hasta la cima de la monta\u00f1a. Esto es v\u00e1lido para la pareja Capricornio, que despliega su energ\u00eda y su fuerza y sube la escalera hacia una relaci\u00f3n sana y beneficiosa para ambas partes. Pero toda esta ambici\u00f3n y ansia de vivir est\u00e1 destinada a hacer que estas cabras choquen, y una disputa entre dos temperamentos as\u00ed no debe tomarse a la ligera<\/p>\n\n\n\n<p>Cuando se trata de llevar una casa o de mantener una relaci\u00f3n sana, esta pareja puede ocuparse muy bien de sus asuntos. Tanto es as\u00ed, que tendr\u00e1n que ser conscientes de encontrar tiempo para el ocio y luchar contra la actitud adicta al trabajo que conlleva el estilo de vida de Capricornio. Leal y caritativa, esta pareja es cari\u00f1osa y devota sin ser arrogante, lo cual es una mezcla deseable para cada miembro.<\/p>\n\n\n\n<p>Capricornio est\u00e1 regido por el planeta Saturno. Saturno se centra principalmente en la consecuci\u00f3n de objetivos a trav\u00e9s del trabajo duro. Este planeta tambi\u00e9n se centra en el lado autoritario y el deseo de estatus social de Capricornio. Esta pareja est\u00e1 muy orientada a la carrera profesional. Su enfoque y su intensa energ\u00eda pueden hacerles parecer duros o inflexibles, pero a la pareja de Capricornio no le sorprende esta actitud. Ambos se comunican bien y disfrutan haciendo cosas juntos. Esta pareja tiene una gran capacidad para el amor, pero no siempre est\u00e1 tan vinculada emocionalmente como otras parejas del zod\u00edaco. Ambos disfrutan abordando un tema dif\u00edcil, pero tambi\u00e9n aprecian el espacio para perseguir intereses individuales.<\/p>\n\n\n\n<p>Capricornio es un signo de tierra. Le interesan las posesiones materiales que indican un estatus social elevado. Los Capricornio est\u00e1n dispuestos a trabajar duro para hacer de su casa un hogar y no temen mostrar los frutos de su trabajo. Las actividades mundanas y las responsabilidades son un sello distintivo de la agenda diaria de Capricornio, por lo que es importante que estos dos hagan algo divertido o tonto de vez en cuando. A veces, la relaci\u00f3n Capricornio-Capricornio necesita un poco de reflexi\u00f3n.<\/p>\n\n\n\n<p>Capricornio es un signo cardinal. A esta pareja le encanta emprender nuevas actividades y llevarlas a cabo. Siempre conservadora, esta pareja invierte su tiempo y dinero en aplicaciones pr\u00e1cticas y busca resultados tangibles. Las cualidades intransigentes del caballo de batalla de Capricornio hacen de este d\u00fao una pareja de noqueadores, adem\u00e1s de amigos \u00edntimos.<\/p>\n\n\n\n<p>\u00bfCu\u00e1l es el mejor aspecto de la relaci\u00f3n Capricornio-Capricornio? Su dedicaci\u00f3n a la hora de ocuparse de sus responsabilidades personales y compartidas. La suya es una relaci\u00f3n fuerte, y su s\u00f3lida construcci\u00f3n est\u00e1 hecha para durar. Siempre que cada miembro de la pareja se acuerde de re\u00edrse de vez en cuando, ser\u00e1 una relaci\u00f3n de \u00e9xito.<\/p>\n\n\n\n<div class=\"wp-block-group has-background has-small-font-size is-layout-flow wp-block-group-is-layout-flow\" style=\"background-color:#ffcad7;padding-top:var(--wp--preset--spacing--20);padding-right:var(--wp--preset--spacing--20);padding-bottom:var(--wp--preset--spacing--20);padding-left:var(--wp--preset--spacing--20)\">\n<h3 class=\"wp-block-heading has-text-align-center\">Combinaciones de Capricornio en el amor<\/h3>\n\n\n\n<div class=\"wp-block-group is-content-justification-center is-layout-flex wp-container-core-group-is-layout-b02886af wp-block-group-is-layout-flex\">\n<div class=\"wp-block-uagb-image aligncenter uagb-block-4ed478ad wp-block-uagb-image--layout-default wp-block-uagb-image--effect-zoomin wp-block-uagb-image--align-center wp-container-content-9cfa9a5a\"><figure class=\"wp-block-uagb-image__figure\"><a class=\"\" href=\"https:\/\/meuhoroscopo.net\/es\/combinaciones-de-signos-de-amor\/como-aries-y-capricornio-se-combinan-en-el-amor\/\" target=\"\" rel=\"noopener\"><img decoding=\"async\" srcset=\"https:\/\/meuhoroscopo.net\/wp-content\/uploads\/2023\/10\/aries-hoje-horoscopo-do-signo.png ,https:\/\/meuhoroscopo.net\/wp-content\/uploads\/2023\/10\/aries-hoje-horoscopo-do-signo.png 780w, https:\/\/meuhoroscopo.net\/wp-content\/uploads\/2023\/10\/aries-hoje-horoscopo-do-signo.png 360w\" sizes=\"auto, (max-width: 480px) 150px\" src=\"https:\/\/meuhoroscopo.net\/wp-content\/uploads\/2023\/10\/aries-hoje-horoscopo-do-signo.png\" alt=\"combinaciones aries en el amor\" class=\"uag-image-14418\" width=\"150\" height=\"150\" title=\"\" loading=\"lazy\"\/><\/a><figcaption class=\"uagb-image-caption\">Aries 21\/03 a 20\/04<\/figcaption><\/figure><\/div>\n\n\n\n<div class=\"wp-block-uagb-image aligncenter uagb-block-35eee722 wp-block-uagb-image--layout-default wp-block-uagb-image--effect-zoomin wp-block-uagb-image--align-center wp-container-content-9cfa9a5a\"><figure class=\"wp-block-uagb-image__figure\"><a class=\"\" href=\"https:\/\/meuhoroscopo.net\/es\/combinaciones-de-signos-de-amor\/como-tauro-y-capricornio-se-combinan-en-el-amor\/\" target=\"\" rel=\"noopener\"><img decoding=\"async\" srcset=\"https:\/\/meuhoroscopo.net\/wp-content\/uploads\/2023\/10\/touro-hoje-horoscopo-do-signo.png ,https:\/\/meuhoroscopo.net\/wp-content\/uploads\/2023\/10\/touro-hoje-horoscopo-do-signo.png 780w, https:\/\/meuhoroscopo.net\/wp-content\/uploads\/2023\/10\/touro-hoje-horoscopo-do-signo.png 360w\" sizes=\"auto, (max-width: 480px) 150px\" src=\"https:\/\/meuhoroscopo.net\/wp-content\/uploads\/2023\/10\/touro-hoje-horoscopo-do-signo.png\" alt=\"Combinaciones de Tauro en el amor\" class=\"uag-image-14426\" width=\"150\" height=\"150\" title=\"\" loading=\"lazy\"\/><\/a><figcaption class=\"uagb-image-caption\">Tauro 21\/04 a 20\/05<\/figcaption><\/figure><\/div>\n\n\n\n<div class=\"wp-block-uagb-image aligncenter uagb-block-96fca29d wp-block-uagb-image--layout-default wp-block-uagb-image--effect-zoomin wp-block-uagb-image--align-center wp-container-content-9cfa9a5a\"><figure class=\"wp-block-uagb-image__figure\"><a class=\"\" href=\"https:\/\/meuhoroscopo.net\/es\/combinaciones-de-signos-de-amor\/como-geminis-y-capricornio-se-combinan-en-el-amor\/\" target=\"\" rel=\"noopener\"><img decoding=\"async\" srcset=\"https:\/\/meuhoroscopo.net\/wp-content\/uploads\/2023\/10\/gemeos-hoje-horoscopo-do-signo.png ,https:\/\/meuhoroscopo.net\/wp-content\/uploads\/2023\/10\/gemeos-hoje-horoscopo-do-signo.png 780w, https:\/\/meuhoroscopo.net\/wp-content\/uploads\/2023\/10\/gemeos-hoje-horoscopo-do-signo.png 360w\" sizes=\"auto, (max-width: 480px) 150px\" src=\"https:\/\/meuhoroscopo.net\/wp-content\/uploads\/2023\/10\/gemeos-hoje-horoscopo-do-signo.png\" alt=\"combinaciones gemelas enamoradas\" class=\"uag-image-14421\" width=\"150\" height=\"150\" title=\"\" loading=\"lazy\"\/><\/a><figcaption class=\"uagb-image-caption\">G\u00e9minis 21\/05 a 20\/06<\/figcaption><\/figure><\/div>\n\n\n\n<div class=\"wp-block-uagb-image aligncenter uagb-block-a5884ed7 wp-block-uagb-image--layout-default wp-block-uagb-image--effect-zoomin wp-block-uagb-image--align-center wp-container-content-9cfa9a5a\"><figure class=\"wp-block-uagb-image__figure\"><a class=\"\" href=\"https:\/\/meuhoroscopo.net\/es\/combinaciones-de-signos-de-amor\/como-cancer-y-capricornio-se-combinan-en-el-amor\/\" target=\"\" rel=\"noopener\"><img decoding=\"async\" srcset=\"https:\/\/meuhoroscopo.net\/wp-content\/uploads\/2023\/10\/cancer-hoje-horoscopo-do-signo.png ,https:\/\/meuhoroscopo.net\/wp-content\/uploads\/2023\/10\/cancer-hoje-horoscopo-do-signo.png 780w, https:\/\/meuhoroscopo.net\/wp-content\/uploads\/2023\/10\/cancer-hoje-horoscopo-do-signo.png 360w\" sizes=\"auto, (max-width: 480px) 150px\" src=\"https:\/\/meuhoroscopo.net\/wp-content\/uploads\/2023\/10\/cancer-hoje-horoscopo-do-signo.png\" alt=\"combinaciones de c\u00e1ncer en el amor\" class=\"uag-image-14468\" width=\"150\" height=\"150\" title=\"\" loading=\"lazy\"\/><\/a><figcaption class=\"uagb-image-caption\">C\u00e1ncer 21\/06 a 20\/07<\/figcaption><\/figure><\/div>\n\n\n\n<div class=\"wp-block-uagb-image aligncenter uagb-block-23de750c wp-block-uagb-image--layout-default wp-block-uagb-image--effect-zoomin wp-block-uagb-image--align-center wp-container-content-9cfa9a5a\"><figure class=\"wp-block-uagb-image__figure\"><a class=\"\" href=\"https:\/\/meuhoroscopo.net\/es\/combinaciones-de-signos-de-amor\/como-se-combinan-en-el-amor-leo-y-capricornio\/\" target=\"\" rel=\"noopener\"><img decoding=\"async\" srcset=\"https:\/\/meuhoroscopo.net\/wp-content\/uploads\/2023\/10\/leao-hoje-horoscopo-do-signo.png ,https:\/\/meuhoroscopo.net\/wp-content\/uploads\/2023\/10\/leao-hoje-horoscopo-do-signo.png 780w, https:\/\/meuhoroscopo.net\/wp-content\/uploads\/2023\/10\/leao-hoje-horoscopo-do-signo.png 360w\" sizes=\"auto, (max-width: 480px) 150px\" src=\"https:\/\/meuhoroscopo.net\/wp-content\/uploads\/2023\/10\/leao-hoje-horoscopo-do-signo.png\" alt=\"combinaciones de leones enamorados\" class=\"uag-image-14422\" width=\"150\" height=\"150\" title=\"\" loading=\"lazy\"\/><\/a><figcaption class=\"uagb-image-caption\">Leo 21\/07 a 22\/08<\/figcaption><\/figure><\/div>\n\n\n\n<div class=\"wp-block-uagb-image aligncenter uagb-block-d3120c1a wp-block-uagb-image--layout-default wp-block-uagb-image--effect-zoomin wp-block-uagb-image--align-center wp-container-content-9cfa9a5a\"><figure class=\"wp-block-uagb-image__figure\"><a class=\"\" href=\"https:\/\/meuhoroscopo.net\/es\/combinaciones-de-signos-de-amor\/como-virgo-y-capricornio-se-combinan-en-el-amor\/\" target=\"\" rel=\"noopener\"><img decoding=\"async\" srcset=\"https:\/\/meuhoroscopo.net\/wp-content\/uploads\/2023\/10\/virgem-hoje-horoscopo-do-signo.png ,https:\/\/meuhoroscopo.net\/wp-content\/uploads\/2023\/10\/virgem-hoje-horoscopo-do-signo.png 780w, https:\/\/meuhoroscopo.net\/wp-content\/uploads\/2023\/10\/virgem-hoje-horoscopo-do-signo.png 360w\" sizes=\"auto, (max-width: 480px) 150px\" src=\"https:\/\/meuhoroscopo.net\/wp-content\/uploads\/2023\/10\/virgem-hoje-horoscopo-do-signo.png\" alt=\"combinaciones virgo en el amor\" class=\"uag-image-14427\" width=\"150\" height=\"150\" title=\"\" loading=\"lazy\"\/><\/a><figcaption class=\"uagb-image-caption\">Virgo 23\/08 a 22\/09<\/figcaption><\/figure><\/div>\n\n\n\n<div class=\"wp-block-uagb-image aligncenter uagb-block-8493c63e wp-block-uagb-image--layout-default wp-block-uagb-image--effect-zoomin wp-block-uagb-image--align-center wp-container-content-9cfa9a5a\"><figure class=\"wp-block-uagb-image__figure\"><a class=\"\" href=\"https:\/\/meuhoroscopo.net\/es\/combinaciones-de-signos-de-amor\/como-libra-y-capricornio-se-combinan-en-el-amor\/\" target=\"\" rel=\"noopener\"><img decoding=\"async\" srcset=\"https:\/\/meuhoroscopo.net\/wp-content\/uploads\/2023\/10\/libra-hoje-horoscopo-do-signo.png ,https:\/\/meuhoroscopo.net\/wp-content\/uploads\/2023\/10\/libra-hoje-horoscopo-do-signo.png 780w, https:\/\/meuhoroscopo.net\/wp-content\/uploads\/2023\/10\/libra-hoje-horoscopo-do-signo.png 360w\" sizes=\"auto, (max-width: 480px) 150px\" src=\"https:\/\/meuhoroscopo.net\/wp-content\/uploads\/2023\/10\/libra-hoje-horoscopo-do-signo.png\" alt=\"combinaciones libra en el amor\" class=\"uag-image-14423\" width=\"150\" height=\"150\" title=\"\" loading=\"lazy\"\/><\/a><figcaption class=\"uagb-image-caption\">Libra 23\/09 a 22\/10<\/figcaption><\/figure><\/div>\n\n\n\n<div class=\"wp-block-uagb-image aligncenter uagb-block-c6cc0928 wp-block-uagb-image--layout-default wp-block-uagb-image--effect-zoomin wp-block-uagb-image--align-center wp-container-content-9cfa9a5a\"><figure class=\"wp-block-uagb-image__figure\"><a class=\"\" href=\"https:\/\/meuhoroscopo.net\/es\/combinaciones-de-signos-de-amor\/como-escorpio-y-capricornio-se-combinan-en-el-amor\/\" target=\"\" rel=\"noopener\"><img decoding=\"async\" srcset=\"https:\/\/meuhoroscopo.net\/wp-content\/uploads\/2023\/10\/escorpiao-hoje-horoscopo-do-signo.png ,https:\/\/meuhoroscopo.net\/wp-content\/uploads\/2023\/10\/escorpiao-hoje-horoscopo-do-signo.png 780w, https:\/\/meuhoroscopo.net\/wp-content\/uploads\/2023\/10\/escorpiao-hoje-horoscopo-do-signo.png 360w\" sizes=\"auto, (max-width: 480px) 150px\" src=\"https:\/\/meuhoroscopo.net\/wp-content\/uploads\/2023\/10\/escorpiao-hoje-horoscopo-do-signo.png\" alt=\"combinaciones escorpio en el amor\" class=\"uag-image-14420\" width=\"150\" height=\"150\" title=\"\" loading=\"lazy\"\/><\/a><figcaption class=\"uagb-image-caption\">Escorpio 23\/10 a 21\/11<\/figcaption><\/figure><\/div>\n\n\n\n<div class=\"wp-block-uagb-image aligncenter uagb-block-1842198f wp-block-uagb-image--layout-default wp-block-uagb-image--effect-zoomin wp-block-uagb-image--align-center wp-container-content-9cfa9a5a\"><figure class=\"wp-block-uagb-image__figure\"><a class=\"\" href=\"https:\/\/meuhoroscopo.net\/es\/combinaciones-de-signos-de-amor\/como-sagitario-y-capricornio-se-combinan-en-el-amor\/\" target=\"\" rel=\"noopener\"><img decoding=\"async\" srcset=\"https:\/\/meuhoroscopo.net\/wp-content\/uploads\/2023\/10\/sagitario-hoje-horoscopo-do-signo.png ,https:\/\/meuhoroscopo.net\/wp-content\/uploads\/2023\/10\/sagitario-hoje-horoscopo-do-signo.png 780w, https:\/\/meuhoroscopo.net\/wp-content\/uploads\/2023\/10\/sagitario-hoje-horoscopo-do-signo.png 360w\" sizes=\"auto, (max-width: 480px) 150px\" src=\"https:\/\/meuhoroscopo.net\/wp-content\/uploads\/2023\/10\/sagitario-hoje-horoscopo-do-signo.png\" alt=\"sagitario combinaciones en el amor\" class=\"uag-image-14425\" width=\"150\" height=\"150\" title=\"\" loading=\"lazy\"\/><\/a><figcaption class=\"uagb-image-caption\">Sagitario 22\/11 a 21\/12<\/figcaption><\/figure><\/div>\n\n\n\n<div class=\"wp-block-uagb-image aligncenter uagb-block-aa5ae009 wp-block-uagb-image--layout-default wp-block-uagb-image--effect-zoomin wp-block-uagb-image--align-center wp-container-content-9cfa9a5a\"><figure class=\"wp-block-uagb-image__figure\"><a class=\"\" href=\"https:\/\/meuhoroscopo.net\/es\/combinaciones-de-signos-de-amor\/como-capricornio-y-capricornio-combinan-en-el-amor\/\" target=\"\" rel=\"noopener\"><img decoding=\"async\" srcset=\"https:\/\/meuhoroscopo.net\/wp-content\/uploads\/2023\/10\/capricornio-hoje-horoscopo-do-signo.png ,https:\/\/meuhoroscopo.net\/wp-content\/uploads\/2023\/10\/capricornio-hoje-horoscopo-do-signo.png 780w, https:\/\/meuhoroscopo.net\/wp-content\/uploads\/2023\/10\/capricornio-hoje-horoscopo-do-signo.png 360w\" sizes=\"auto, (max-width: 480px) 150px\" src=\"https:\/\/meuhoroscopo.net\/wp-content\/uploads\/2023\/10\/capricornio-hoje-horoscopo-do-signo.png\" alt=\"combinaciones capricornio en el amor\" class=\"uag-image-14419\" width=\"150\" height=\"150\" title=\"\" loading=\"lazy\"\/><\/a><figcaption class=\"uagb-image-caption\">Capricornio del 22\/12 al 20\/01<\/figcaption><\/figure><\/div>\n\n\n\n<div class=\"wp-block-uagb-image aligncenter uagb-block-b42229e0 wp-block-uagb-image--layout-default wp-block-uagb-image--effect-zoomin wp-block-uagb-image--align-center wp-container-content-9cfa9a5a\"><figure class=\"wp-block-uagb-image__figure\"><a class=\"\" href=\"https:\/\/meuhoroscopo.net\/es\/combinaciones-de-signos-de-amor\/como-capricornio-y-acuario-se-combinan-en-el-amor\/\" target=\"\" rel=\"noopener\"><img decoding=\"async\" srcset=\"https:\/\/meuhoroscopo.net\/wp-content\/uploads\/2023\/10\/aquario-hoje-horoscopo-do-signo.png ,https:\/\/meuhoroscopo.net\/wp-content\/uploads\/2023\/10\/aquario-hoje-horoscopo-do-signo.png 780w, https:\/\/meuhoroscopo.net\/wp-content\/uploads\/2023\/10\/aquario-hoje-horoscopo-do-signo.png 360w\" sizes=\"auto, (max-width: 480px) 150px\" src=\"https:\/\/meuhoroscopo.net\/wp-content\/uploads\/2023\/10\/aquario-hoje-horoscopo-do-signo.png\" alt=\"combinaciones acuario en el amor\" class=\"uag-image-14467\" width=\"150\" height=\"150\" title=\"\" loading=\"lazy\"\/><\/a><figcaption class=\"uagb-image-caption\">Acuario 21\/01 a 19\/02<\/figcaption><\/figure><\/div>\n\n\n\n<div class=\"wp-block-uagb-image aligncenter uagb-block-c679d5b5 wp-block-uagb-image--layout-default wp-block-uagb-image--effect-zoomin wp-block-uagb-image--align-center wp-container-content-9cfa9a5a\"><figure class=\"wp-block-uagb-image__figure\"><a class=\"\" href=\"https:\/\/meuhoroscopo.net\/es\/combinaciones-de-signos-de-amor\/como-capricornio-y-piscis-se-combinan-en-el-amor\/\" target=\"\" rel=\"noopener\"><img decoding=\"async\" srcset=\"https:\/\/meuhoroscopo.net\/wp-content\/uploads\/2023\/10\/peixes-hoje-horoscopo-do-signo.png ,https:\/\/meuhoroscopo.net\/wp-content\/uploads\/2023\/10\/peixes-hoje-horoscopo-do-signo.png 780w, https:\/\/meuhoroscopo.net\/wp-content\/uploads\/2023\/10\/peixes-hoje-horoscopo-do-signo.png 360w\" sizes=\"auto, (max-width: 480px) 150px\" src=\"https:\/\/meuhoroscopo.net\/wp-content\/uploads\/2023\/10\/peixes-hoje-horoscopo-do-signo.png\" alt=\"combinaciones de peces enamorados\" class=\"uag-image-14424\" width=\"150\" height=\"150\" title=\"\" loading=\"lazy\"\/><\/a><figcaption class=\"uagb-image-caption\">Piscis 20\/02 a 20\/03<\/figcaption><\/figure><\/div>\n<\/div>\n<\/div>","protected":false},"excerpt":{"rendered":"<p>Quando dois capricornianos se unem em uma combina\u00e7\u00e3o de amor, eles criam e contribuem para um elemento totalmente novo e excitante na vida um do outro O s\u00edmbolo de Capric\u00f3rnio \u00e9 a cabra do mar, o animal sempre em uma subida do mar at\u00e9 o cume da montanha. Isso \u00e9 verdade para o casal de [&hellip;]<\/p>\n","protected":false},"author":1,"featured_media":0,"parent":0,"menu_order":0,"comment_status":"closed","ping_status":"closed","template":"","meta":{"footnotes":""},"class_list":["post-2430","page","type-page","status-publish","hentry"],"_links":{"self":[{"href":"https:\/\/meuhoroscopo.net\/es\/wp-json\/wp\/v2\/pages\/2430","targetHints":{"allow":["GET"]}}],"collection":[{"href":"https:\/\/meuhoroscopo.net\/es\/wp-json\/wp\/v2\/pages"}],"about":[{"href":"https:\/\/meuhoroscopo.net\/es\/wp-json\/wp\/v2\/types\/page"}],"author":[{"embeddable":true,"href":"https:\/\/meuhoroscopo.net\/es\/wp-json\/wp\/v2\/users\/1"}],"replies":[{"embeddable":true,"href":"https:\/\/meuhoroscopo.net\/es\/wp-json\/wp\/v2\/comments?post=2430"}],"version-history":[{"count":0,"href":"https:\/\/meuhoroscopo.net\/es\/wp-json\/wp\/v2\/pages\/2430\/revisions"}],"wp:attachment":[{"href":"https:\/\/meuhoroscopo.net\/es\/wp-json\/wp\/v2\/media?parent=2430"}],"curies":[{"name":"gracias","href":"https:\/\/api.w.org\/{rel}","templated":true}]}}