{"id":2395,"date":"2022-08-19T17:43:13","date_gmt":"2022-08-19T20:43:13","guid":{"rendered":"https:\/\/meuhoroscopo.net\/?page_id=2395"},"modified":"2023-10-21T19:05:35","modified_gmt":"2023-10-21T22:05:35","slug":"como-sagitario-y-sagitario-se-combinan-en-el-amor","status":"publish","type":"page","link":"https:\/\/meuhoroscopo.net\/es\/como-sagitario-y-sagitario-se-combinan-en-el-amor\/","title":{"rendered":"C\u00f3mo coinciden Sagitario y Sagitario en el amor"},"content":{"rendered":"<div class=\"wp-block-group is-content-justification-center is-nowrap is-layout-flex wp-container-core-group-is-layout-23441af8 wp-block-group-is-layout-flex\">\n<figure class=\"wp-block-image size-full is-resized\"><img decoding=\"async\" width=\"512\" height=\"512\" src=\"https:\/\/meuhoroscopo.net\/wp-content\/uploads\/2023\/10\/sagitario-hoje-horoscopo-do-signo.png\" alt=\"signo sagitario horoscopo de hoy\" class=\"wp-image-14425\" style=\"object-fit:cover;width:100px;height:100px\" srcset=\"https:\/\/meuhoroscopo.net\/wp-content\/uploads\/2023\/10\/sagitario-hoje-horoscopo-do-signo.png 512w, https:\/\/meuhoroscopo.net\/wp-content\/uploads\/2023\/10\/sagitario-hoje-horoscopo-do-signo-300x300.png 300w, https:\/\/meuhoroscopo.net\/wp-content\/uploads\/2023\/10\/sagitario-hoje-horoscopo-do-signo-150x150.png 150w\" sizes=\"(max-width: 512px) 100vw, 512px\" \/><\/figure>\n\n\n\n<div class=\"wp-block-uagb-icon uagb-block-465de987 uagb-icon-wrapper\"><span class=\"uagb-svg-wrapper\"><svg xmlns=\"https:\/\/www.w3.org\/2000\/svg\" viewbox=\"0 0 512 512\"><path d=\"M0 190.9V185.1C0 115.2 50.52 55.58 119.4 44.1C164.1 36.51 211.4 51.37 244 84.02L256 96L267.1 84.02C300.6 51.37 347 36.51 392.6 44.1C461.5 55.58 512 115.2 512 185.1V190.9C512 232.4 494.8 272.1 464.4 300.4L283.7 469.1C276.2 476.1 266.3 480 256 480C245.7 480 235.8 476.1 228.3 469.1L47.59 300.4C17.23 272.1 .0003 232.4 .0003 190.9L0 190.9z\"><\/path><\/svg><\/span><\/div>\n\n\n\n<figure class=\"wp-block-image size-full is-resized\"><img decoding=\"async\" width=\"512\" height=\"512\" src=\"https:\/\/meuhoroscopo.net\/wp-content\/uploads\/2023\/10\/sagitario-hoje-horoscopo-do-signo.png\" alt=\"signo sagitario horoscopo de hoy\" class=\"wp-image-14425\" style=\"object-fit:cover;width:100px;height:100px\" srcset=\"https:\/\/meuhoroscopo.net\/wp-content\/uploads\/2023\/10\/sagitario-hoje-horoscopo-do-signo.png 512w, https:\/\/meuhoroscopo.net\/wp-content\/uploads\/2023\/10\/sagitario-hoje-horoscopo-do-signo-300x300.png 300w, https:\/\/meuhoroscopo.net\/wp-content\/uploads\/2023\/10\/sagitario-hoje-horoscopo-do-signo-150x150.png 150w\" sizes=\"(max-width: 512px) 100vw, 512px\" \/><\/figure>\n<\/div>\n\n\n\n<h3 class=\"wp-block-heading\">Cuando dos Sagitario se unen en una pareja amorosa, su naturaleza amante de la verdad hace que la relaci\u00f3n sea casi perfecta.<\/h3>\n\n\n\n<p>Esta pareja ve el mundo que les rodea con una mirada educada y ambos comparten un hambre intensa de m\u00e1s conocimientos. Entablar\u00e1n agradables conversaciones y bromas que desafiar\u00e1n y har\u00e1n cosquillas a su mente. Una disputa ocasional puede estallar en la relaci\u00f3n Sagitario-Sagitario, cuando un Sagitario fan\u00e1tico lleva las cosas un poco demasiado lejos.<\/p>\n\n\n\n<p>Relajados e independientes, estos dos son compatibles cuando se trata de equilibrar intereses personales. Nunca han conocido los celos, y cada uno se mantiene ocupado con sus proyectos personales cuando no est\u00e1 con su amante. Sin embargo, cuando est\u00e1n juntos, hacen todo lo posible por complacer a su pareja y satisfacer sus intereses comunes. Aunque son adaptables y modernos, a veces pueden descontrolarse. Sin embargo, no est\u00e1 en la naturaleza del Arquero guardar rencores o dejar que los desacuerdos se enconen durante demasiado tiempo.<\/p>\n\n\n\n<p>Sagitario est\u00e1 regido por el planeta J\u00fapiter. Expansi\u00f3n es la palabra clave. Como ambos disfrutan adquiriendo conocimientos, llevar\u00e1n las ideas existentes a la relaci\u00f3n. Deber\u00e1n tener cuidado con los excesos, ya que la glotoner\u00eda s\u00f3lo les distraer\u00e1. Su encanto y carisma les convierten en una pareja muy agradable, no s\u00f3lo para el otro, sino para toda la concurrencia.<\/p>\n\n\n\n<p>Sagitario es un signo de fuego. Cuando estos dos signos de fuego se unen, se fusionan para crear una llama m\u00e1s grande. Se juntan constantemente y experimentan la vida: les encanta viajar m\u00e1s que leer sobre lugares en libros tur\u00edsticos. Extrovertidos y simp\u00e1ticos, muchos sagitarianos tienen la mala suerte de hablar antes de pensar, por lo que se encuentran en un inc\u00f3modo aprieto social. A estos dos les encanta comprometerse en nuevos proyectos, pero carecen de la dedicaci\u00f3n necesaria para mantenerse firmes. Ambos est\u00e1n ansiosos por pasar a la siguiente cosa nueva.<\/p>\n\n\n\n<p>Sagitario es un signo cambiante. El flirteo es excitante y es f\u00e1cil que dos Sagitarios se lleven bien. Rara vez se producen discusiones entre ellos. Ambos son extremadamente adaptables al otro. De vez en cuando surge alguna espinita, pero ninguno de los dos quiere insistir en ella, as\u00ed que la dejan de lado.<\/p>\n\n\n\n<p>\u00bfCu\u00e1l es el mejor aspecto de la relaci\u00f3n Sagitario-Sagitario? Su compatibilidad y su deseo compartido de conocimiento. Esta pareja ha encontrado el equilibrio perfecto entre la intensidad y dejarse su propio espacio. Juntos explorar\u00e1n los vastos mundos externos, as\u00ed como los mundos del intelecto.<\/p>\n\n\n\n<div class=\"wp-block-group has-background has-small-font-size is-layout-flow wp-block-group-is-layout-flow\" style=\"background-color:#ffcad7;padding-top:var(--wp--preset--spacing--20);padding-right:var(--wp--preset--spacing--20);padding-bottom:var(--wp--preset--spacing--20);padding-left:var(--wp--preset--spacing--20)\">\n<h3 class=\"wp-block-heading has-text-align-center\">Combinaciones de Sagitario en el amor<\/h3>\n\n\n\n<div class=\"wp-block-group is-content-justification-center is-layout-flex wp-container-core-group-is-layout-b02886af wp-block-group-is-layout-flex\">\n<div class=\"wp-block-uagb-image aligncenter uagb-block-4ed478ad wp-block-uagb-image--layout-default wp-block-uagb-image--effect-zoomin wp-block-uagb-image--align-center wp-container-content-9cfa9a5a\"><figure class=\"wp-block-uagb-image__figure\"><a class=\"\" href=\"https:\/\/meuhoroscopo.net\/es\/combinaciones-de-signos-de-amor\/como-aries-y-sagitario-se-combinan-en-el-amor\/\" target=\"\" rel=\"noopener\"><img decoding=\"async\" srcset=\"https:\/\/meuhoroscopo.net\/wp-content\/uploads\/2023\/10\/aries-hoje-horoscopo-do-signo.png ,https:\/\/meuhoroscopo.net\/wp-content\/uploads\/2023\/10\/aries-hoje-horoscopo-do-signo.png 780w, https:\/\/meuhoroscopo.net\/wp-content\/uploads\/2023\/10\/aries-hoje-horoscopo-do-signo.png 360w\" sizes=\"auto, (max-width: 480px) 150px\" src=\"https:\/\/meuhoroscopo.net\/wp-content\/uploads\/2023\/10\/aries-hoje-horoscopo-do-signo.png\" alt=\"combinaciones aries en el amor\" class=\"uag-image-14418\" width=\"150\" height=\"150\" title=\"\" loading=\"lazy\"\/><\/a><figcaption class=\"uagb-image-caption\">Aries 21\/03 a 20\/04<\/figcaption><\/figure><\/div>\n\n\n\n<div class=\"wp-block-uagb-image aligncenter uagb-block-35eee722 wp-block-uagb-image--layout-default wp-block-uagb-image--effect-zoomin wp-block-uagb-image--align-center wp-container-content-9cfa9a5a\"><figure class=\"wp-block-uagb-image__figure\"><a class=\"\" href=\"https:\/\/meuhoroscopo.net\/es\/combinaciones-de-signos-de-amor\/como-tauro-y-sagitario-se-combinan-en-el-amor\/\" target=\"\" rel=\"noopener\"><img decoding=\"async\" srcset=\"https:\/\/meuhoroscopo.net\/wp-content\/uploads\/2023\/10\/touro-hoje-horoscopo-do-signo.png ,https:\/\/meuhoroscopo.net\/wp-content\/uploads\/2023\/10\/touro-hoje-horoscopo-do-signo.png 780w, https:\/\/meuhoroscopo.net\/wp-content\/uploads\/2023\/10\/touro-hoje-horoscopo-do-signo.png 360w\" sizes=\"auto, (max-width: 480px) 150px\" src=\"https:\/\/meuhoroscopo.net\/wp-content\/uploads\/2023\/10\/touro-hoje-horoscopo-do-signo.png\" alt=\"Combinaciones de Tauro en el amor\" class=\"uag-image-14426\" width=\"150\" height=\"150\" title=\"\" loading=\"lazy\"\/><\/a><figcaption class=\"uagb-image-caption\">Tauro 21\/04 a 20\/05<\/figcaption><\/figure><\/div>\n\n\n\n<div class=\"wp-block-uagb-image aligncenter uagb-block-96fca29d wp-block-uagb-image--layout-default wp-block-uagb-image--effect-zoomin wp-block-uagb-image--align-center wp-container-content-9cfa9a5a\"><figure class=\"wp-block-uagb-image__figure\"><a class=\"\" href=\"https:\/\/meuhoroscopo.net\/es\/combinaciones-de-signos-de-amor\/como-geminis-y-sagitario-se-combinan-en-el-amor\/\" target=\"\" rel=\"noopener\"><img decoding=\"async\" srcset=\"https:\/\/meuhoroscopo.net\/wp-content\/uploads\/2023\/10\/gemeos-hoje-horoscopo-do-signo.png ,https:\/\/meuhoroscopo.net\/wp-content\/uploads\/2023\/10\/gemeos-hoje-horoscopo-do-signo.png 780w, https:\/\/meuhoroscopo.net\/wp-content\/uploads\/2023\/10\/gemeos-hoje-horoscopo-do-signo.png 360w\" sizes=\"auto, (max-width: 480px) 150px\" src=\"https:\/\/meuhoroscopo.net\/wp-content\/uploads\/2023\/10\/gemeos-hoje-horoscopo-do-signo.png\" alt=\"combinaciones gemelas enamoradas\" class=\"uag-image-14421\" width=\"150\" height=\"150\" title=\"\" loading=\"lazy\"\/><\/a><figcaption class=\"uagb-image-caption\">G\u00e9minis 21\/05 a 20\/06<\/figcaption><\/figure><\/div>\n\n\n\n<div class=\"wp-block-uagb-image aligncenter uagb-block-a5884ed7 wp-block-uagb-image--layout-default wp-block-uagb-image--effect-zoomin wp-block-uagb-image--align-center wp-container-content-9cfa9a5a\"><figure class=\"wp-block-uagb-image__figure\"><a class=\"\" href=\"https:\/\/meuhoroscopo.net\/es\/combinaciones-de-signos-de-amor\/como-cancer-y-sagitario-se-combinan-en-el-amor\/\" target=\"\" rel=\"noopener\"><img decoding=\"async\" srcset=\"https:\/\/meuhoroscopo.net\/wp-content\/uploads\/2023\/10\/cancer-hoje-horoscopo-do-signo.png ,https:\/\/meuhoroscopo.net\/wp-content\/uploads\/2023\/10\/cancer-hoje-horoscopo-do-signo.png 780w, https:\/\/meuhoroscopo.net\/wp-content\/uploads\/2023\/10\/cancer-hoje-horoscopo-do-signo.png 360w\" sizes=\"auto, (max-width: 480px) 150px\" src=\"https:\/\/meuhoroscopo.net\/wp-content\/uploads\/2023\/10\/cancer-hoje-horoscopo-do-signo.png\" alt=\"combinaciones de c\u00e1ncer en el amor\" class=\"uag-image-14468\" width=\"150\" height=\"150\" title=\"\" loading=\"lazy\"\/><\/a><figcaption class=\"uagb-image-caption\">C\u00e1ncer 21\/06 a 20\/07<\/figcaption><\/figure><\/div>\n\n\n\n<div class=\"wp-block-uagb-image aligncenter uagb-block-23de750c wp-block-uagb-image--layout-default wp-block-uagb-image--effect-zoomin wp-block-uagb-image--align-center wp-container-content-9cfa9a5a\"><figure class=\"wp-block-uagb-image__figure\"><a class=\"\" href=\"https:\/\/meuhoroscopo.net\/es\/combinaciones-de-signos-de-amor\/como-se-combinan-en-el-amor-leo-y-sagitario\/\" target=\"\" rel=\"noopener\"><img decoding=\"async\" srcset=\"https:\/\/meuhoroscopo.net\/wp-content\/uploads\/2023\/10\/leao-hoje-horoscopo-do-signo.png ,https:\/\/meuhoroscopo.net\/wp-content\/uploads\/2023\/10\/leao-hoje-horoscopo-do-signo.png 780w, https:\/\/meuhoroscopo.net\/wp-content\/uploads\/2023\/10\/leao-hoje-horoscopo-do-signo.png 360w\" sizes=\"auto, (max-width: 480px) 150px\" src=\"https:\/\/meuhoroscopo.net\/wp-content\/uploads\/2023\/10\/leao-hoje-horoscopo-do-signo.png\" alt=\"combinaciones de leones enamorados\" class=\"uag-image-14422\" width=\"150\" height=\"150\" title=\"\" loading=\"lazy\"\/><\/a><figcaption class=\"uagb-image-caption\">Leo 21\/07 a 22\/08<\/figcaption><\/figure><\/div>\n\n\n\n<div class=\"wp-block-uagb-image aligncenter uagb-block-d3120c1a wp-block-uagb-image--layout-default wp-block-uagb-image--effect-zoomin wp-block-uagb-image--align-center wp-container-content-9cfa9a5a\"><figure class=\"wp-block-uagb-image__figure\"><a class=\"\" href=\"https:\/\/meuhoroscopo.net\/es\/combinaciones-de-signos-de-amor\/como-virgo-y-sagitario-se-combinan-en-el-amor\/\" target=\"\" rel=\"noopener\"><img decoding=\"async\" srcset=\"https:\/\/meuhoroscopo.net\/wp-content\/uploads\/2023\/10\/virgem-hoje-horoscopo-do-signo.png ,https:\/\/meuhoroscopo.net\/wp-content\/uploads\/2023\/10\/virgem-hoje-horoscopo-do-signo.png 780w, https:\/\/meuhoroscopo.net\/wp-content\/uploads\/2023\/10\/virgem-hoje-horoscopo-do-signo.png 360w\" sizes=\"auto, (max-width: 480px) 150px\" src=\"https:\/\/meuhoroscopo.net\/wp-content\/uploads\/2023\/10\/virgem-hoje-horoscopo-do-signo.png\" alt=\"combinaciones virgo en el amor\" class=\"uag-image-14427\" width=\"150\" height=\"150\" title=\"\" loading=\"lazy\"\/><\/a><figcaption class=\"uagb-image-caption\">Virgo 23\/08 a 22\/09<\/figcaption><\/figure><\/div>\n\n\n\n<div class=\"wp-block-uagb-image aligncenter uagb-block-8493c63e wp-block-uagb-image--layout-default wp-block-uagb-image--effect-zoomin wp-block-uagb-image--align-center wp-container-content-9cfa9a5a\"><figure class=\"wp-block-uagb-image__figure\"><a class=\"\" href=\"https:\/\/meuhoroscopo.net\/es\/combinaciones-de-signos-de-amor\/como-libra-y-sagitario-se-combinan-en-el-amor\/\" target=\"\" rel=\"noopener\"><img decoding=\"async\" srcset=\"https:\/\/meuhoroscopo.net\/wp-content\/uploads\/2023\/10\/libra-hoje-horoscopo-do-signo.png ,https:\/\/meuhoroscopo.net\/wp-content\/uploads\/2023\/10\/libra-hoje-horoscopo-do-signo.png 780w, https:\/\/meuhoroscopo.net\/wp-content\/uploads\/2023\/10\/libra-hoje-horoscopo-do-signo.png 360w\" sizes=\"auto, (max-width: 480px) 150px\" src=\"https:\/\/meuhoroscopo.net\/wp-content\/uploads\/2023\/10\/libra-hoje-horoscopo-do-signo.png\" alt=\"combinaciones libra en el amor\" class=\"uag-image-14423\" width=\"150\" height=\"150\" title=\"\" loading=\"lazy\"\/><\/a><figcaption class=\"uagb-image-caption\">Libra 23\/09 a 22\/10<\/figcaption><\/figure><\/div>\n\n\n\n<div class=\"wp-block-uagb-image aligncenter uagb-block-c6cc0928 wp-block-uagb-image--layout-default wp-block-uagb-image--effect-zoomin wp-block-uagb-image--align-center wp-container-content-9cfa9a5a\"><figure class=\"wp-block-uagb-image__figure\"><a class=\"\" href=\"https:\/\/meuhoroscopo.net\/es\/combinaciones-de-signos-de-amor\/como-escorpio-y-sagitario-se-combinan-en-el-amor\/\" target=\"\" rel=\"noopener\"><img decoding=\"async\" srcset=\"https:\/\/meuhoroscopo.net\/wp-content\/uploads\/2023\/10\/escorpiao-hoje-horoscopo-do-signo.png ,https:\/\/meuhoroscopo.net\/wp-content\/uploads\/2023\/10\/escorpiao-hoje-horoscopo-do-signo.png 780w, https:\/\/meuhoroscopo.net\/wp-content\/uploads\/2023\/10\/escorpiao-hoje-horoscopo-do-signo.png 360w\" sizes=\"auto, (max-width: 480px) 150px\" src=\"https:\/\/meuhoroscopo.net\/wp-content\/uploads\/2023\/10\/escorpiao-hoje-horoscopo-do-signo.png\" alt=\"combinaciones escorpio en el amor\" class=\"uag-image-14420\" width=\"150\" height=\"150\" title=\"\" loading=\"lazy\"\/><\/a><figcaption class=\"uagb-image-caption\">Escorpio 23\/10 a 21\/11<\/figcaption><\/figure><\/div>\n\n\n\n<div class=\"wp-block-uagb-image aligncenter uagb-block-1842198f wp-block-uagb-image--layout-default wp-block-uagb-image--effect-zoomin wp-block-uagb-image--align-center wp-container-content-9cfa9a5a\"><figure class=\"wp-block-uagb-image__figure\"><a class=\"\" href=\"https:\/\/meuhoroscopo.net\/es\/combinaciones-de-signos-de-amor\/como-sagitario-y-sagitario-se-combinan-en-el-amor\/\" target=\"\" rel=\"noopener\"><img decoding=\"async\" srcset=\"https:\/\/meuhoroscopo.net\/wp-content\/uploads\/2023\/10\/sagitario-hoje-horoscopo-do-signo.png ,https:\/\/meuhoroscopo.net\/wp-content\/uploads\/2023\/10\/sagitario-hoje-horoscopo-do-signo.png 780w, https:\/\/meuhoroscopo.net\/wp-content\/uploads\/2023\/10\/sagitario-hoje-horoscopo-do-signo.png 360w\" sizes=\"auto, (max-width: 480px) 150px\" src=\"https:\/\/meuhoroscopo.net\/wp-content\/uploads\/2023\/10\/sagitario-hoje-horoscopo-do-signo.png\" alt=\"sagitario combinaciones en el amor\" class=\"uag-image-14425\" width=\"150\" height=\"150\" title=\"\" loading=\"lazy\"\/><\/a><figcaption class=\"uagb-image-caption\">Sagitario 22\/11 a 21\/12<\/figcaption><\/figure><\/div>\n\n\n\n<div class=\"wp-block-uagb-image aligncenter uagb-block-aa5ae009 wp-block-uagb-image--layout-default wp-block-uagb-image--effect-zoomin wp-block-uagb-image--align-center wp-container-content-9cfa9a5a\"><figure class=\"wp-block-uagb-image__figure\"><a class=\"\" href=\"https:\/\/meuhoroscopo.net\/es\/combinaciones-de-signos-de-amor\/como-sagitario-y-capricornio-se-combinan-en-el-amor\/\" target=\"\" rel=\"noopener\"><img decoding=\"async\" srcset=\"https:\/\/meuhoroscopo.net\/wp-content\/uploads\/2023\/10\/capricornio-hoje-horoscopo-do-signo.png ,https:\/\/meuhoroscopo.net\/wp-content\/uploads\/2023\/10\/capricornio-hoje-horoscopo-do-signo.png 780w, https:\/\/meuhoroscopo.net\/wp-content\/uploads\/2023\/10\/capricornio-hoje-horoscopo-do-signo.png 360w\" sizes=\"auto, (max-width: 480px) 150px\" src=\"https:\/\/meuhoroscopo.net\/wp-content\/uploads\/2023\/10\/capricornio-hoje-horoscopo-do-signo.png\" alt=\"combinaciones capricornio en el amor\" class=\"uag-image-14419\" width=\"150\" height=\"150\" title=\"\" loading=\"lazy\"\/><\/a><figcaption class=\"uagb-image-caption\">Capricornio del 22\/12 al 20\/01<\/figcaption><\/figure><\/div>\n\n\n\n<div class=\"wp-block-uagb-image aligncenter uagb-block-b42229e0 wp-block-uagb-image--layout-default wp-block-uagb-image--effect-zoomin wp-block-uagb-image--align-center wp-container-content-9cfa9a5a\"><figure class=\"wp-block-uagb-image__figure\"><a class=\"\" href=\"https:\/\/meuhoroscopo.net\/es\/combinaciones-de-signos-de-amor\/como-sagitario-y-acuario-se-combinan-en-el-amor\/\" target=\"\" rel=\"noopener\"><img decoding=\"async\" srcset=\"https:\/\/meuhoroscopo.net\/wp-content\/uploads\/2023\/10\/aquario-hoje-horoscopo-do-signo.png ,https:\/\/meuhoroscopo.net\/wp-content\/uploads\/2023\/10\/aquario-hoje-horoscopo-do-signo.png 780w, https:\/\/meuhoroscopo.net\/wp-content\/uploads\/2023\/10\/aquario-hoje-horoscopo-do-signo.png 360w\" sizes=\"auto, (max-width: 480px) 150px\" src=\"https:\/\/meuhoroscopo.net\/wp-content\/uploads\/2023\/10\/aquario-hoje-horoscopo-do-signo.png\" alt=\"combinaciones acuario en el amor\" class=\"uag-image-14467\" width=\"150\" height=\"150\" title=\"\" loading=\"lazy\"\/><\/a><figcaption class=\"uagb-image-caption\">Acuario 21\/01 a 19\/02<\/figcaption><\/figure><\/div>\n\n\n\n<div class=\"wp-block-uagb-image aligncenter uagb-block-c679d5b5 wp-block-uagb-image--layout-default wp-block-uagb-image--effect-zoomin wp-block-uagb-image--align-center wp-container-content-9cfa9a5a\"><figure class=\"wp-block-uagb-image__figure\"><a class=\"\" href=\"https:\/\/meuhoroscopo.net\/es\/combinaciones-de-signos-de-amor\/como-sagitario-y-piscis-se-combinan-en-el-amor\/\" target=\"\" rel=\"noopener\"><img decoding=\"async\" srcset=\"https:\/\/meuhoroscopo.net\/wp-content\/uploads\/2023\/10\/peixes-hoje-horoscopo-do-signo.png ,https:\/\/meuhoroscopo.net\/wp-content\/uploads\/2023\/10\/peixes-hoje-horoscopo-do-signo.png 780w, https:\/\/meuhoroscopo.net\/wp-content\/uploads\/2023\/10\/peixes-hoje-horoscopo-do-signo.png 360w\" sizes=\"auto, (max-width: 480px) 150px\" src=\"https:\/\/meuhoroscopo.net\/wp-content\/uploads\/2023\/10\/peixes-hoje-horoscopo-do-signo.png\" alt=\"combinaciones de peces enamorados\" class=\"uag-image-14424\" width=\"150\" height=\"150\" title=\"\" loading=\"lazy\"\/><\/a><figcaption class=\"uagb-image-caption\">Piscis 20\/02 a 20\/03<\/figcaption><\/figure><\/div>\n<\/div>\n<\/div>","protected":false},"excerpt":{"rendered":"<p>Quando dois sagitarianos se unem em uma combina\u00e7\u00e3o de amor, as naturezas que amam a verdade tornam a rela\u00e7\u00e3o quase perfeita. Este casal v\u00ea o mundo ao seu redor com um olhar educado e ambos compartilham uma intensa fome por mais conhecimento. Eles v\u00e3o se envolver em conversas agrad\u00e1veis e brincadeiras que desafiam e fazem [&hellip;]<\/p>\n","protected":false},"author":2,"featured_media":0,"parent":0,"menu_order":0,"comment_status":"closed","ping_status":"closed","template":"","meta":{"footnotes":""},"class_list":["post-2395","page","type-page","status-publish","hentry"],"_links":{"self":[{"href":"https:\/\/meuhoroscopo.net\/es\/wp-json\/wp\/v2\/pages\/2395","targetHints":{"allow":["GET"]}}],"collection":[{"href":"https:\/\/meuhoroscopo.net\/es\/wp-json\/wp\/v2\/pages"}],"about":[{"href":"https:\/\/meuhoroscopo.net\/es\/wp-json\/wp\/v2\/types\/page"}],"author":[{"embeddable":true,"href":"https:\/\/meuhoroscopo.net\/es\/wp-json\/wp\/v2\/users\/2"}],"replies":[{"embeddable":true,"href":"https:\/\/meuhoroscopo.net\/es\/wp-json\/wp\/v2\/comments?post=2395"}],"version-history":[{"count":0,"href":"https:\/\/meuhoroscopo.net\/es\/wp-json\/wp\/v2\/pages\/2395\/revisions"}],"wp:attachment":[{"href":"https:\/\/meuhoroscopo.net\/es\/wp-json\/wp\/v2\/media?parent=2395"}],"curies":[{"name":"gracias","href":"https:\/\/api.w.org\/{rel}","templated":true}]}}