{"id":15775,"date":"2023-10-18T23:40:23","date_gmt":"2023-10-19T02:40:23","guid":{"rendered":"https:\/\/meuhoroscopo.net\/?page_id=15775"},"modified":"2023-10-29T17:46:47","modified_gmt":"2023-10-29T20:46:47","slug":"horoscopo-de-hoy","status":"publish","type":"page","link":"https:\/\/meuhoroscopo.net\/es\/horoscopo-de-hoy\/","title":{"rendered":"Hor\u00f3scopo de hoy"},"content":{"rendered":"<h1 class=\"has-text-align-center wp-block-post-title\">Hor\u00f3scopo de hoy<\/h1>\n\n\n<h2 class=\"wp-block-heading has-text-align-center has-large-font-size\">Consulta el hor\u00f3scopo de hoy para todos los signos.<\/h2>\n\n\n\n<p>Bienvenido a la <strong>Hor\u00f3scopo de hoy<\/strong>Tu portal diario al conocimiento celeste. Cuando las estrellas se mueven por el cielo, crean una danza c\u00f3smica que entreteje el destino de todos nosotros. Aqu\u00ed encontrar\u00e1s un portal para comprender esta danza divina, con enlaces directos a las predicciones diarias para cada signo. Tanto si eres un audaz Aries como un so\u00f1ador Piscis, tenemos ideas que pueden alegrarte el d\u00eda.<\/p>\n\n\n\n<h2 class=\"wp-block-heading has-text-align-center has-large-font-size\">Descubra su hor\u00f3scopo diario<\/h2>\n\n\n\n<p>Navegar por el camino de la vida conociendo las tendencias astrales puede ser un recurso valioso. A continuaci\u00f3n, encontrar\u00e1s enlaces a las previsiones diarias para cada signo, que ofrecen una visi\u00f3n de lo que puedes esperar y la mejor manera de navegar por las energ\u00edas del d\u00eda:<\/p>\n\n\n\n<div class=\"wp-block-group has-small-font-size is-content-justification-center is-layout-flex wp-container-core-group-is-layout-ca062352 wp-block-group-is-layout-flex\" style=\"margin-top:0;margin-bottom:0;padding-top:var(--wp--preset--spacing--20);padding-right:0;padding-bottom:var(--wp--preset--spacing--20);padding-left:0\">\n<div class=\"wp-block-uagb-image aligncenter uagb-block-4d4ff869 wp-block-uagb-image--layout-default wp-block-uagb-image--effect-static wp-block-uagb-image--align-center\"><figure class=\"wp-block-uagb-image__figure\"><a class=\"\" href=\"https:\/\/meuhoroscopo.net\/es\/signo-aries-horoscopo-de-hoy\/\" target=\"\" rel=\"noopener\"><img decoding=\"async\" srcset=\"https:\/\/meuhoroscopo.net\/wp-content\/uploads\/2023\/10\/aries-hoje-horoscopo-do-signo.png ,https:\/\/meuhoroscopo.net\/wp-content\/uploads\/2023\/10\/aries-hoje-horoscopo-do-signo.png 780w, https:\/\/meuhoroscopo.net\/wp-content\/uploads\/2023\/10\/aries-hoje-horoscopo-do-signo.png 360w\" sizes=\"auto, (max-width: 480px) 150px\" src=\"https:\/\/meuhoroscopo.net\/wp-content\/uploads\/2023\/10\/aries-hoje-horoscopo-do-signo.png\" alt=\"signo aries horoscopo de hoy\" class=\"uag-image-14418\" width=\"75\" height=\"75\" title=\"\" loading=\"lazy\"\/><\/a><figcaption class=\"uagb-image-caption\">Aries<\/figcaption><\/figure><\/div>\n\n\n\n<div class=\"wp-block-uagb-image aligncenter uagb-block-75666ed1 wp-block-uagb-image--layout-default wp-block-uagb-image--effect-static wp-block-uagb-image--align-center\"><figure class=\"wp-block-uagb-image__figure\"><a class=\"\" href=\"https:\/\/meuhoroscopo.net\/es\/tauro-horoscopo-diario-de-hoy\/\" target=\"\" rel=\"noopener\"><img decoding=\"async\" srcset=\"https:\/\/meuhoroscopo.net\/wp-content\/uploads\/2023\/10\/touro-hoje-horoscopo-do-signo.png ,https:\/\/meuhoroscopo.net\/wp-content\/uploads\/2023\/10\/touro-hoje-horoscopo-do-signo.png 780w, https:\/\/meuhoroscopo.net\/wp-content\/uploads\/2023\/10\/touro-hoje-horoscopo-do-signo.png 360w\" sizes=\"auto, (max-width: 480px) 150px\" src=\"https:\/\/meuhoroscopo.net\/wp-content\/uploads\/2023\/10\/touro-hoje-horoscopo-do-signo.png\" alt=\"hor\u00f3scopo tauro de hoy\" class=\"uag-image-14426\" width=\"75\" height=\"75\" title=\"\" loading=\"lazy\"\/><\/a><figcaption class=\"uagb-image-caption\">Taurus<\/figcaption><\/figure><\/div>\n\n\n\n<div class=\"wp-block-uagb-image aligncenter uagb-block-1699ec66 wp-block-uagb-image--layout-default wp-block-uagb-image--effect-static wp-block-uagb-image--align-center\"><figure class=\"wp-block-uagb-image__figure\"><a class=\"\" href=\"https:\/\/meuhoroscopo.net\/es\/geminis-hoy-horoscopo-diario-del-signo\/\" target=\"\" rel=\"noopener\"><img decoding=\"async\" srcset=\"https:\/\/meuhoroscopo.net\/wp-content\/uploads\/2023\/10\/gemeos-hoje-horoscopo-do-signo.png ,https:\/\/meuhoroscopo.net\/wp-content\/uploads\/2023\/10\/gemeos-hoje-horoscopo-do-signo.png 780w, https:\/\/meuhoroscopo.net\/wp-content\/uploads\/2023\/10\/gemeos-hoje-horoscopo-do-signo.png 360w\" sizes=\"auto, (max-width: 480px) 150px\" src=\"https:\/\/meuhoroscopo.net\/wp-content\/uploads\/2023\/10\/gemeos-hoje-horoscopo-do-signo.png\" alt=\"hor\u00f3scopo de g\u00e9minis de hoy\" class=\"uag-image-14421\" width=\"75\" height=\"75\" title=\"\" loading=\"lazy\"\/><\/a><figcaption class=\"uagb-image-caption\">G\u00e9minis<\/figcaption><\/figure><\/div>\n\n\n\n<div class=\"wp-block-uagb-image aligncenter uagb-block-4d4ff869 wp-block-uagb-image--layout-default wp-block-uagb-image--effect-static wp-block-uagb-image--align-center\"><figure class=\"wp-block-uagb-image__figure\"><a class=\"\" href=\"https:\/\/meuhoroscopo.net\/es\/horoscopo-de-hoy-signo-cancer\/\" target=\"\" rel=\"noopener\"><img decoding=\"async\" srcset=\"https:\/\/meuhoroscopo.net\/wp-content\/uploads\/2023\/10\/cancer-hoje-horoscopo-do-signo.png ,https:\/\/meuhoroscopo.net\/wp-content\/uploads\/2023\/10\/cancer-hoje-horoscopo-do-signo.png 780w, https:\/\/meuhoroscopo.net\/wp-content\/uploads\/2023\/10\/cancer-hoje-horoscopo-do-signo.png 360w\" sizes=\"auto, (max-width: 480px) 150px\" src=\"https:\/\/meuhoroscopo.net\/wp-content\/uploads\/2023\/10\/cancer-hoje-horoscopo-do-signo.png\" alt=\"horoscopo de hoy signo cancer\" class=\"uag-image-14468\" width=\"75\" height=\"75\" title=\"\" loading=\"lazy\"\/><\/a><figcaption class=\"uagb-image-caption\">C\u00e1ncer<\/figcaption><\/figure><\/div>\n\n\n\n<div class=\"wp-block-uagb-image aligncenter uagb-block-75666ed1 wp-block-uagb-image--layout-default wp-block-uagb-image--effect-static wp-block-uagb-image--align-center\"><figure class=\"wp-block-uagb-image__figure\"><a class=\"\" href=\"https:\/\/meuhoroscopo.net\/es\/horoscopo-de-leo-de-hoy\/\" target=\"\" rel=\"noopener\"><img decoding=\"async\" srcset=\"https:\/\/meuhoroscopo.net\/wp-content\/uploads\/2023\/10\/leao-hoje-horoscopo-do-signo.png ,https:\/\/meuhoroscopo.net\/wp-content\/uploads\/2023\/10\/leao-hoje-horoscopo-do-signo.png 780w, https:\/\/meuhoroscopo.net\/wp-content\/uploads\/2023\/10\/leao-hoje-horoscopo-do-signo.png 360w\" sizes=\"auto, (max-width: 480px) 150px\" src=\"https:\/\/meuhoroscopo.net\/wp-content\/uploads\/2023\/10\/leao-hoje-horoscopo-do-signo.png\" alt=\"horoscopo de leon de hoy\" class=\"uag-image-14422\" width=\"75\" height=\"75\" title=\"\" loading=\"lazy\"\/><\/a><figcaption class=\"uagb-image-caption\">Leo<\/figcaption><\/figure><\/div>\n\n\n\n<div class=\"wp-block-uagb-image aligncenter uagb-block-4d4ff869 wp-block-uagb-image--layout-default wp-block-uagb-image--effect-static wp-block-uagb-image--align-center\"><figure class=\"wp-block-uagb-image__figure\"><a class=\"\" href=\"https:\/\/meuhoroscopo.net\/es\/horoscopo-de-hoy-del-signo-virgo\/\" target=\"\" rel=\"noopener\"><img decoding=\"async\" srcset=\"https:\/\/meuhoroscopo.net\/wp-content\/uploads\/2023\/10\/virgem-hoje-horoscopo-do-signo.png ,https:\/\/meuhoroscopo.net\/wp-content\/uploads\/2023\/10\/virgem-hoje-horoscopo-do-signo.png 780w, https:\/\/meuhoroscopo.net\/wp-content\/uploads\/2023\/10\/virgem-hoje-horoscopo-do-signo.png 360w\" sizes=\"auto, (max-width: 480px) 150px\" src=\"https:\/\/meuhoroscopo.net\/wp-content\/uploads\/2023\/10\/virgem-hoje-horoscopo-do-signo.png\" alt=\"hor\u00f3scopo de hoy del signo virgo\" class=\"uag-image-14427\" width=\"75\" height=\"75\" title=\"\" loading=\"lazy\"\/><\/a><figcaption class=\"uagb-image-caption\">Virgo<\/figcaption><\/figure><\/div>\n\n\n\n<div class=\"wp-block-uagb-image aligncenter uagb-block-75666ed1 wp-block-uagb-image--layout-default wp-block-uagb-image--effect-static wp-block-uagb-image--align-center\"><figure class=\"wp-block-uagb-image__figure\"><a class=\"\" href=\"https:\/\/meuhoroscopo.net\/es\/horoscopo-de-hoy-signo-libra\/\" target=\"\" rel=\"noopener\"><img decoding=\"async\" srcset=\"https:\/\/meuhoroscopo.net\/wp-content\/uploads\/2023\/10\/libra-hoje-horoscopo-do-signo.png ,https:\/\/meuhoroscopo.net\/wp-content\/uploads\/2023\/10\/libra-hoje-horoscopo-do-signo.png 780w, https:\/\/meuhoroscopo.net\/wp-content\/uploads\/2023\/10\/libra-hoje-horoscopo-do-signo.png 360w\" sizes=\"auto, (max-width: 480px) 150px\" src=\"https:\/\/meuhoroscopo.net\/wp-content\/uploads\/2023\/10\/libra-hoje-horoscopo-do-signo.png\" alt=\"horoscopo de hoy signo libra\" class=\"uag-image-14423\" width=\"75\" height=\"75\" title=\"\" loading=\"lazy\"\/><\/a><figcaption class=\"uagb-image-caption\">Libra<\/figcaption><\/figure><\/div>\n\n\n\n<div class=\"wp-block-uagb-image aligncenter uagb-block-1699ec66 wp-block-uagb-image--layout-default wp-block-uagb-image--effect-static wp-block-uagb-image--align-center\"><figure class=\"wp-block-uagb-image__figure\"><a class=\"\" href=\"https:\/\/meuhoroscopo.net\/es\/horoscopo-de-hoy-signo-escorpio\/\" target=\"\" rel=\"noopener\"><img decoding=\"async\" srcset=\"https:\/\/meuhoroscopo.net\/wp-content\/uploads\/2023\/10\/escorpiao-hoje-horoscopo-do-signo.png ,https:\/\/meuhoroscopo.net\/wp-content\/uploads\/2023\/10\/escorpiao-hoje-horoscopo-do-signo.png 780w, https:\/\/meuhoroscopo.net\/wp-content\/uploads\/2023\/10\/escorpiao-hoje-horoscopo-do-signo.png 360w\" sizes=\"auto, (max-width: 480px) 150px\" src=\"https:\/\/meuhoroscopo.net\/wp-content\/uploads\/2023\/10\/escorpiao-hoje-horoscopo-do-signo.png\" alt=\"horoscopo de hoy signo escorpio\" class=\"uag-image-14420\" width=\"75\" height=\"75\" title=\"\" loading=\"lazy\"\/><\/a><figcaption class=\"uagb-image-caption\">Escorpio<\/figcaption><\/figure><\/div>\n\n\n\n<div class=\"wp-block-uagb-image aligncenter uagb-block-1699ec66 wp-block-uagb-image--layout-default wp-block-uagb-image--effect-static wp-block-uagb-image--align-center\"><figure class=\"wp-block-uagb-image__figure\"><a class=\"\" href=\"https:\/\/meuhoroscopo.net\/es\/signo-sagitario-horoscopo-de-hoy\/\" target=\"\" rel=\"noopener\"><img decoding=\"async\" srcset=\"https:\/\/meuhoroscopo.net\/wp-content\/uploads\/2023\/10\/sagitario-hoje-horoscopo-do-signo.png ,https:\/\/meuhoroscopo.net\/wp-content\/uploads\/2023\/10\/sagitario-hoje-horoscopo-do-signo.png 780w, https:\/\/meuhoroscopo.net\/wp-content\/uploads\/2023\/10\/sagitario-hoje-horoscopo-do-signo.png 360w\" sizes=\"auto, (max-width: 480px) 150px\" src=\"https:\/\/meuhoroscopo.net\/wp-content\/uploads\/2023\/10\/sagitario-hoje-horoscopo-do-signo.png\" alt=\"signo sagitario horoscopo de hoy\" class=\"uag-image-14425\" width=\"75\" height=\"75\" title=\"\" loading=\"lazy\"\/><\/a><figcaption class=\"uagb-image-caption\">Sagitario<\/figcaption><\/figure><\/div>\n\n\n\n<div class=\"wp-block-uagb-image aligncenter uagb-block-4d4ff869 wp-block-uagb-image--layout-default wp-block-uagb-image--effect-static wp-block-uagb-image--align-center\"><figure class=\"wp-block-uagb-image__figure\"><a class=\"\" href=\"https:\/\/meuhoroscopo.net\/es\/horoscopo-de-hoy-del-signo-capricornio\/\" target=\"\" rel=\"noopener\"><img decoding=\"async\" srcset=\"https:\/\/meuhoroscopo.net\/wp-content\/uploads\/2023\/10\/capricornio-hoje-horoscopo-do-signo.png ,https:\/\/meuhoroscopo.net\/wp-content\/uploads\/2023\/10\/capricornio-hoje-horoscopo-do-signo.png 780w, https:\/\/meuhoroscopo.net\/wp-content\/uploads\/2023\/10\/capricornio-hoje-horoscopo-do-signo.png 360w\" sizes=\"auto, (max-width: 480px) 150px\" src=\"https:\/\/meuhoroscopo.net\/wp-content\/uploads\/2023\/10\/capricornio-hoje-horoscopo-do-signo.png\" alt=\"hor\u00f3scopo de hoy del signo capricornio\" class=\"uag-image-14419\" width=\"75\" height=\"75\" title=\"\" loading=\"lazy\"\/><\/a><figcaption class=\"uagb-image-caption\">Capricornio<\/figcaption><\/figure><\/div>\n\n\n\n<div class=\"wp-block-uagb-image aligncenter uagb-block-75666ed1 wp-block-uagb-image--layout-default wp-block-uagb-image--effect-static wp-block-uagb-image--align-center\"><figure class=\"wp-block-uagb-image__figure\"><a class=\"\" href=\"https:\/\/meuhoroscopo.net\/es\/signo-acuario-horoscopo-de-hoy\/\" target=\"\" rel=\"noopener\"><img decoding=\"async\" srcset=\"https:\/\/meuhoroscopo.net\/wp-content\/uploads\/2023\/10\/aquario-hoje-horoscopo-do-signo.png ,https:\/\/meuhoroscopo.net\/wp-content\/uploads\/2023\/10\/aquario-hoje-horoscopo-do-signo.png 780w, https:\/\/meuhoroscopo.net\/wp-content\/uploads\/2023\/10\/aquario-hoje-horoscopo-do-signo.png 360w\" sizes=\"auto, (max-width: 480px) 150px\" src=\"https:\/\/meuhoroscopo.net\/wp-content\/uploads\/2023\/10\/aquario-hoje-horoscopo-do-signo.png\" alt=\"signo acuario horoscopo de hoy\" class=\"uag-image-14467\" width=\"75\" height=\"75\" title=\"\" loading=\"lazy\"\/><\/a><figcaption class=\"uagb-image-caption\">Acuario<\/figcaption><\/figure><\/div>\n\n\n\n<div class=\"wp-block-uagb-image aligncenter uagb-block-1699ec66 wp-block-uagb-image--layout-default wp-block-uagb-image--effect-static wp-block-uagb-image--align-center\"><figure class=\"wp-block-uagb-image__figure\"><a class=\"\" href=\"https:\/\/meuhoroscopo.net\/es\/horoscopo-de-hoy-del-signo-del-piscis\/\" target=\"\" rel=\"noopener\"><img decoding=\"async\" srcset=\"https:\/\/meuhoroscopo.net\/wp-content\/uploads\/2023\/10\/peixes-hoje-horoscopo-do-signo.png ,https:\/\/meuhoroscopo.net\/wp-content\/uploads\/2023\/10\/peixes-hoje-horoscopo-do-signo.png 780w, https:\/\/meuhoroscopo.net\/wp-content\/uploads\/2023\/10\/peixes-hoje-horoscopo-do-signo.png 360w\" sizes=\"auto, (max-width: 480px) 150px\" src=\"https:\/\/meuhoroscopo.net\/wp-content\/uploads\/2023\/10\/peixes-hoje-horoscopo-do-signo.png\" alt=\"Piscis hor\u00f3scopo de hoy\" class=\"uag-image-14424\" width=\"75\" height=\"75\" title=\"\" loading=\"lazy\"\/><\/a><figcaption class=\"uagb-image-caption\">Piscis<\/figcaption><\/figure><\/div>\n<\/div>\n\n\n\n<h3 class=\"wp-block-heading has-text-align-center has-large-font-size\">Profundizar en la sabidur\u00eda astral<\/h3>\n\n\n\n<p>Adem\u00e1s de su hor\u00f3scopo diario, ofrecemos una rica biblioteca de recursos para aquellos que deseen profundizar en la sabidur\u00eda astral. Explore nuestra <a href=\"https:\/\/meuhoroscopo.net\/es\/category\/astrologia\/\" data-type=\"link\" data-id=\"https:\/\/meuhoroscopo.net\/category\/astrologia\/\">art\u00edculos sobre astrolog\u00eda<\/a>El curso abarca desde los fundamentos b\u00e1sicos hasta conceptos avanzados. Descubre c\u00f3mo los tr\u00e1nsitos planetarios pueden influir en tus decisiones y aprende a aprovechar al m\u00e1ximo las energ\u00edas c\u00f3smicas disponibles. Si sabes ingl\u00e9s (o usas un traductor, jaja), tambi\u00e9n puedes aprender mucho en <a href=\"https:\/\/www.astrology.com\/learn\" target=\"_blank\" data-type=\"link\" data-id=\"https:\/\/www.astrology.com\/learn\" rel=\"noreferrer noopener\">Astrology.com<\/a>!<\/p>\n\n\n\n<figure class=\"wp-block-image aligncenter size-large\"><img decoding=\"async\" width=\"1024\" height=\"585\" src=\"https:\/\/meuhoroscopo.net\/wp-content\/uploads\/2023\/10\/Horoscopo-de-Amanha-1024x585.png\" alt=\"Hor\u00f3scopo de hoy\" class=\"wp-image-15483\" srcset=\"https:\/\/meuhoroscopo.net\/wp-content\/uploads\/2023\/10\/Horoscopo-de-Amanha-1024x585.png 1024w, https:\/\/meuhoroscopo.net\/wp-content\/uploads\/2023\/10\/Horoscopo-de-Amanha-300x171.png 300w, https:\/\/meuhoroscopo.net\/wp-content\/uploads\/2023\/10\/Horoscopo-de-Amanha-768x439.png 768w, https:\/\/meuhoroscopo.net\/wp-content\/uploads\/2023\/10\/Horoscopo-de-Amanha-1536x878.png 1536w, https:\/\/meuhoroscopo.net\/wp-content\/uploads\/2023\/10\/Horoscopo-de-Amanha.png 1792w\" sizes=\"(max-width: 1024px) 100vw, 1024px\" \/><\/figure>\n\n\n\n<h2 class=\"wp-block-heading has-text-align-center has-large-font-size\">Explorar la compatibilidad de signos<\/h2>\n\n\n\n<p>El viaje a trav\u00e9s de los zod\u00edacos es tambi\u00e9n un viaje de relaciones. Descubre c\u00f3mo tu energ\u00eda astral armoniza con la de otros signos explorando nuestra <a href=\"https:\/\/meuhoroscopo.net\/es\/combinaciones-de-signos-de-amor\/\" data-type=\"page\" data-id=\"1074\">tablas de compatibilidad entre signos<\/a>. Este recurso puede iluminar el camino hacia amistades m\u00e1s profundas, asociaciones afectuosas y colaboraciones fruct\u00edferas en el trabajo.<\/p>","protected":false},"excerpt":{"rendered":"<p>Prep\u00e1rate para el d\u00eda que te espera con tu hor\u00f3scopo para ma\u00f1ana, \u00a1explora las predicciones astrol\u00f3gicas para cada signo del zodiaco!<\/p>","protected":false},"author":2,"featured_media":15483,"parent":0,"menu_order":0,"comment_status":"closed","ping_status":"closed","template":"","meta":{"footnotes":""},"class_list":["post-15775","page","type-page","status-publish","has-post-thumbnail","hentry"],"_links":{"self":[{"href":"https:\/\/meuhoroscopo.net\/es\/wp-json\/wp\/v2\/pages\/15775","targetHints":{"allow":["GET"]}}],"collection":[{"href":"https:\/\/meuhoroscopo.net\/es\/wp-json\/wp\/v2\/pages"}],"about":[{"href":"https:\/\/meuhoroscopo.net\/es\/wp-json\/wp\/v2\/types\/page"}],"author":[{"embeddable":true,"href":"https:\/\/meuhoroscopo.net\/es\/wp-json\/wp\/v2\/users\/2"}],"replies":[{"embeddable":true,"href":"https:\/\/meuhoroscopo.net\/es\/wp-json\/wp\/v2\/comments?post=15775"}],"version-history":[{"count":0,"href":"https:\/\/meuhoroscopo.net\/es\/wp-json\/wp\/v2\/pages\/15775\/revisions"}],"wp:featuredmedia":[{"embeddable":true,"href":"https:\/\/meuhoroscopo.net\/es\/wp-json\/wp\/v2\/media\/15483"}],"wp:attachment":[{"href":"https:\/\/meuhoroscopo.net\/es\/wp-json\/wp\/v2\/media?parent=15775"}],"curies":[{"name":"gracias","href":"https:\/\/api.w.org\/{rel}","templated":true}]}}