{"id":14765,"date":"2023-10-15T13:54:43","date_gmt":"2023-10-15T16:54:43","guid":{"rendered":"https:\/\/meuhoroscopo.net\/?page_id=14765"},"modified":"2025-06-03T15:42:46","modified_gmt":"2025-06-03T18:42:46","slug":"horoscopo-mensual-de-geminis","status":"publish","type":"page","link":"https:\/\/meuhoroscopo.net\/es\/horoscopo-mensual-de-geminis\/","title":{"rendered":"Hor\u00f3scopo mensual de G\u00e9minis"},"content":{"rendered":"<div class=\"wp-block-group is-layout-flex wp-block-group-is-layout-flex\">\n<div class=\"wp-block-group is-nowrap is-layout-flex wp-container-core-group-is-layout-6c531013 wp-block-group-is-layout-flex\">\n<figure class=\"wp-block-image size-thumbnail\"><img decoding=\"async\" width=\"150\" height=\"150\" src=\"https:\/\/meuhoroscopo.net\/wp-content\/uploads\/2025\/07\/gemeos-hoje-horoscopo-do-signo-150x150.webp\" alt=\"Hor\u00f3scopo de hoy para G\u00e9minis\" class=\"wp-image-30634\" srcset=\"https:\/\/meuhoroscopo.net\/wp-content\/uploads\/2025\/07\/gemeos-hoje-horoscopo-do-signo-150x150.webp 150w, https:\/\/meuhoroscopo.net\/wp-content\/uploads\/2025\/07\/gemeos-hoje-horoscopo-do-signo-300x300.webp 300w, https:\/\/meuhoroscopo.net\/wp-content\/uploads\/2025\/07\/gemeos-hoje-horoscopo-do-signo-12x12.webp 12w, https:\/\/meuhoroscopo.net\/wp-content\/uploads\/2025\/07\/gemeos-hoje-horoscopo-do-signo.webp 512w\" sizes=\"(max-width: 150px) 100vw, 150px\" \/><figcaption class=\"wp-element-caption\">21\/05 a 20\/06<\/figcaption><\/figure>\n\n\n<nav class=\"is-responsive items-justified-center wp-block-navigation is-content-justification-center is-layout-flex wp-container-core-navigation-is-layout-a89b3969 wp-block-navigation-is-layout-flex\" aria-label=\"G\u00e9minis\" \n\t\t data-wp-interactive=\"core\/navigation\" data-wp-context='{\"overlayOpenedBy\":{\"click\":false,\"hover\":false,\"focus\":false},\"type\":\"overlay\",\"roleAttribute\":\"\",\"ariaLabel\":\"Men\\u00fa\"}'><button aria-haspopup=\"dialog\" aria-label=\"Abrir el men\u00fa\" class=\"wp-block-navigation__responsive-container-open\" \n\t\t\t\tdata-wp-on--click=\"actions.openMenuOnClick\"\n\t\t\t\tdata-wp-on--keydown=\"actions.handleMenuKeydown\"\n\t\t\t><svg width=\"24\" height=\"24\" xmlns=\"http:\/\/www.w3.org\/2000\/svg\" viewbox=\"0 0 24 24\" aria-hidden=\"true\" focusable=\"false\"><path d=\"M4 7.5h16v1.5H4z\"><\/path><path d=\"M4 15h16v1.5H4z\"><\/path><\/svg><\/button>\n\t\t\t\t<div class=\"wp-block-navigation__responsive-container\"  id=\"modal-1\" \n\t\t\t\tdata-wp-class--has-modal-open=\"state.isMenuOpen\"\n\t\t\t\tdata-wp-class--is-menu-open=\"state.isMenuOpen\"\n\t\t\t\tdata-wp-watch=\"callbacks.initMenu\"\n\t\t\t\tdata-wp-on--keydown=\"actions.handleMenuKeydown\"\n\t\t\t\tdata-wp-on--focusout=\"actions.handleMenuFocusout\"\n\t\t\t\ttabindex=\"-1\"\n\t\t\t>\n\t\t\t\t\t<div class=\"wp-block-navigation__responsive-close\" tabindex=\"-1\">\n\t\t\t\t\t\t<div class=\"wp-block-navigation__responsive-dialog\" \n\t\t\t\tdata-wp-bind--aria-modal=\"state.ariaModal\"\n\t\t\t\tdata-wp-bind--aria-label=\"state.ariaLabel\"\n\t\t\t\tdata-wp-bind--role=\"state.roleAttribute\"\n\t\t\t>\n\t\t\t\t\t\t\t<button aria-label=\"Cerrar el men\u00fa\" class=\"wp-block-navigation__responsive-container-close\" \n\t\t\t\tdata-wp-on--click=\"actions.closeMenuOnClick\"\n\t\t\t><svg xmlns=\"http:\/\/www.w3.org\/2000\/svg\" viewbox=\"0 0 24 24\" width=\"24\" height=\"24\" aria-hidden=\"true\" focusable=\"false\"><path d=\"m13.06 12 6.47-6.47-1.06-1.06L12 10.94 5.53 4.47 4.47 5.53 10.94 12l-6.47 6.47 1.06 1.06L12 13.06l6.47 6.47 1.06-1.06L13.06 12Z\"><\/path><\/svg><\/button>\n\t\t\t\t\t\t\t<div class=\"wp-block-navigation__responsive-container-content\" \n\t\t\t\tdata-wp-watch=\"callbacks.focusFirstElement\"\n\t\t\t id=\"modal-1-content\">\n\t\t\t\t\t\t\t\t<ul class=\"wp-block-navigation__container is-responsive items-justified-center wp-block-navigation\"><li class=\"wp-block-navigation-item wp-block-navigation-link\"><a class=\"wp-block-navigation-item__content\"  href=\"https:\/\/meuhoroscopo.net\/es\/signo-as-caracteristicas-e-personalidade-de-cada-um\/gemeos-horoscopo-diario-e-tracos-de-personalidade\/\"><span class=\"wp-block-navigation-item__label\">Firmar perfil<\/span><\/a><\/li><li class=\"wp-block-navigation-item wp-block-navigation-link\"><a class=\"wp-block-navigation-item__content\"  href=\"https:\/\/meuhoroscopo.net\/es\/geminis-hoy-horoscopo-diario-del-signo\/\"><span class=\"wp-block-navigation-item__label\">Hor\u00f3scopos diarios<\/span><\/a><\/li><li class=\"wp-block-navigation-item wp-block-navigation-link\"><a class=\"wp-block-navigation-item__content\"  href=\"https:\/\/meuhoroscopo.net\/es\/gemeos-horoscopo-semanal-do-signo\/\"><span class=\"wp-block-navigation-item__label\">Hor\u00f3scopos semanales<\/span><\/a><\/li><li class=\"wp-block-navigation-item wp-block-navigation-link\"><a class=\"wp-block-navigation-item__content\"  href=\"https:\/\/meuhoroscopo.net\/es\/gemeos-horoscopo-mensal-do-signo\/\"><span class=\"wp-block-navigation-item__label\">Hor\u00f3scopo mensual<\/span><\/a><\/li><li class=\"wp-block-navigation-item wp-block-navigation-link\"><a class=\"wp-block-navigation-item__content\"  href=\"https:\/\/meuhoroscopo.net\/es\/gemeos-horoscopo-anual-do-signo\/\"><span class=\"wp-block-navigation-item__label\">Hor\u00f3scopo anual<\/span><\/a><\/li><\/ul>\n\t\t\t\t\t\t\t<\/div>\n\t\t\t\t\t\t<\/div>\n\t\t\t\t\t<\/div>\n\t\t\t\t<\/div><\/nav><\/div>\n<\/div>\n\n\n<h2 class=\"wp-block-post-title\">Hor\u00f3scopo mensual de G\u00e9minis<\/h2>\n\n\n<div class=\"wp-block-query is-layout-flow wp-block-query-is-layout-flow\"><ul class=\"wp-block-post-template is-layout-flow wp-block-post-template-is-layout-flow\"><li class=\"wp-block-post post-35748 post type-post status-publish format-standard hentry category-gemeos-mensal\">\n<h2 class=\"wp-block-post-title\"><a href=\"https:\/\/meuhoroscopo.net\/es\/horoscopo-de-geminis-para-marzo-de-2026\/\" target=\"_self\" >Hor\u00f3scopo de G\u00e9minis marzo de 2026<\/a><\/h2>\n\n<div class=\"entry-content wp-block-post-content is-layout-flow wp-block-post-content-is-layout-flow\">\n<figure class=\"wp-block-image size-large\"><img decoding=\"async\" width=\"1024\" height=\"683\" src=\"https:\/\/meuhoroscopo.net\/wp-content\/uploads\/2025\/06\/Horoscopo-Mensal-de-Gemeos-1024x683.webp\" alt=\"Hor\u00f3scopo mensual de G\u00e9minis\" class=\"wp-image-27239\" srcset=\"https:\/\/meuhoroscopo.net\/wp-content\/uploads\/2025\/06\/Horoscopo-Mensal-de-Gemeos-1024x683.webp 1024w, https:\/\/meuhoroscopo.net\/wp-content\/uploads\/2025\/06\/Horoscopo-Mensal-de-Gemeos-300x200.webp 300w, https:\/\/meuhoroscopo.net\/wp-content\/uploads\/2025\/06\/Horoscopo-Mensal-de-Gemeos-768x512.webp 768w, https:\/\/meuhoroscopo.net\/wp-content\/uploads\/2025\/06\/Horoscopo-Mensal-de-Gemeos-18x12.webp 18w, https:\/\/meuhoroscopo.net\/wp-content\/uploads\/2025\/06\/Horoscopo-Mensal-de-Gemeos.webp 1536w\" sizes=\"(max-width: 1024px) 100vw, 1024px\" \/><\/figure>\n\n\n<h1>\ud83d\udd2e Hor\u00f3scopo de G\u00e9minis para marzo de 2026<\/h1>\n<p>El mes de marzo de 2026 invita a los G\u00e9minis a un viaje de autodescubrimiento y reflexi\u00f3n. Bajo la influencia de los astros, es posible que se sientan algo cansados, pero tambi\u00e9n inmersos en pensamientos profundos, cuestionando caminos y explorando nuevas posibilidades.<\/p>\n<h2>\ud83d\udc98 Hor\u00f3scopo del Amor<\/h2>\n<h3>\u2764\ufe0f Si est\u00e1s con alguien<\/h3>\n<p>Marzo trae consigo momentos de introspecci\u00f3n para los G\u00e9minis comprometidos. La presencia de Saturno en Piscis puede ralentizar la comunicaci\u00f3n, requiriendo paciencia y comprensi\u00f3n. Es posible que experimentes cierto cansancio emocional, pero esta es una oportunidad para fortalecer el v\u00ednculo a trav\u00e9s de conversaciones sinceras y emp\u00e1ticas. Aprovecha este periodo para compartir tus sue\u00f1os y deseos con tu pareja, creando as\u00ed una conexi\u00f3n m\u00e1s profunda.<\/p>\n<p>Al mismo tiempo, Mercurio, regente de G\u00e9minis, transita por Aries, lo que puede desencadenar arrebatos emocionales repentinos. Aprovecha esta energ\u00eda para fomentar la espontaneidad en tu relaci\u00f3n. Peque\u00f1os gestos rom\u00e1nticos pueden reavivar la llama y revitalizar vuestro tiempo juntos. Recuerda que, incluso cuando est\u00e9s cansado, el amor florece con atenci\u00f3n y cari\u00f1o.<\/p>\n<h3>\ud83d\udc95 Si est\u00e1s soltera<\/h3>\n<p>Para los G\u00e9minis solteros, marzo es un mes de introspecci\u00f3n y crecimiento emocional. Con Venus en Tauro, surge un creciente deseo de estabilidad y bienestar emocional. Es posible que te sientas m\u00e1s reflexivo, meditando sobre lo que realmente buscas en una relaci\u00f3n rom\u00e1ntica. No te apresures; perm\u00edtete sentir todos los matices de tus emociones.<\/p>\n<p>La energ\u00eda de Marte en G\u00e9minis aporta una chispa de entusiasmo que puede ayudarte a superar el cansancio emocional. Es un buen momento para abrirte a nuevas experiencias y conocer gente con intereses similares. Conf\u00eda en tu intuici\u00f3n y deja que te gu\u00ede en tus decisiones amorosas. La autenticidad ser\u00e1 tu mejor aliada durante este periodo.<\/p>\n<h2>\ud83d\udcbc Hor\u00f3scopo en la Carrera<\/h2>\n<p>En el \u00e1mbito profesional, marzo invita a los G\u00e9minis a bajar el ritmo y reflexionar sobre sus objetivos. Con Saturno influyendo en tu sector laboral, es posible que te sientas algo agotado, pero no te desanimes. Aprovecha este tiempo para evaluar tus ambiciones y realizar los ajustes necesarios. Los peque\u00f1os pasos pueden conducir a grandes cambios.<\/p>\n<p>El tr\u00e1nsito de J\u00fapiter por Aries trae consigo una energ\u00eda renovada que impulsa la innovaci\u00f3n y el liderazgo. Este es un per\u00edodo favorable para presentar ideas creativas e iniciar proyectos que antes solo exist\u00edan en papel. Aprovecha este momento para celebrar reuniones donde tus propuestas puedan brillar. La clave est\u00e1 en equilibrar la reflexi\u00f3n con la acci\u00f3n, lo que te permitir\u00e1 avanzar con confianza y determinaci\u00f3n.<\/p>\n<p>Marzo de 2026 es un mes de equilibrio para G\u00e9minis, donde la introspecci\u00f3n y la acci\u00f3n van de la mano. Incluso si experimentas agotamiento emocional, este mes te recuerda la importancia de cuidarte y de perseguir tus sue\u00f1os. Con reflexi\u00f3n y valent\u00eda, podr\u00e1s afrontar este mes con sabidur\u00eda y serenidad.<\/p><\/div>\n\n\n<hr class=\"wp-block-separator has-css-opacity\"\/>\n\n\n<div class=\"wp-block-post-date\"><time datetime=\"2026-03-03T16:18:54-03:00\">03\/03\/2026<\/time><\/div>\n<\/li><\/ul><\/div>","protected":false},"excerpt":{"rendered":"","protected":false},"author":2,"featured_media":17474,"parent":0,"menu_order":0,"comment_status":"closed","ping_status":"closed","template":"wp-custom-template-horoscopo-mensal","meta":{"footnotes":""},"class_list":["post-14765","page","type-page","status-publish","has-post-thumbnail","hentry"],"_links":{"self":[{"href":"https:\/\/meuhoroscopo.net\/es\/wp-json\/wp\/v2\/pages\/14765","targetHints":{"allow":["GET"]}}],"collection":[{"href":"https:\/\/meuhoroscopo.net\/es\/wp-json\/wp\/v2\/pages"}],"about":[{"href":"https:\/\/meuhoroscopo.net\/es\/wp-json\/wp\/v2\/types\/page"}],"author":[{"embeddable":true,"href":"https:\/\/meuhoroscopo.net\/es\/wp-json\/wp\/v2\/users\/2"}],"replies":[{"embeddable":true,"href":"https:\/\/meuhoroscopo.net\/es\/wp-json\/wp\/v2\/comments?post=14765"}],"version-history":[{"count":0,"href":"https:\/\/meuhoroscopo.net\/es\/wp-json\/wp\/v2\/pages\/14765\/revisions"}],"wp:featuredmedia":[{"embeddable":true,"href":"https:\/\/meuhoroscopo.net\/es\/wp-json\/wp\/v2\/media\/17474"}],"wp:attachment":[{"href":"https:\/\/meuhoroscopo.net\/es\/wp-json\/wp\/v2\/media?parent=14765"}],"curies":[{"name":"gracias","href":"https:\/\/api.w.org\/{rel}","templated":true}]}}