{"id":2430,"date":"2022-08-19T18:23:25","date_gmt":"2022-08-19T21:23:25","guid":{"rendered":"https:\/\/meuhoroscopo.net\/?page_id=2430"},"modified":"2023-10-21T17:01:31","modified_gmt":"2023-10-21T20:01:31","slug":"how-capricorn-and-capricorn-match-in-love","status":"publish","type":"page","link":"https:\/\/meuhoroscopo.net\/en\/how-capricorn-and-capricorn-match-in-love\/","title":{"rendered":"How Capricorn and Capricorn match in love"},"content":{"rendered":"<div class=\"wp-block-group is-content-justification-center is-nowrap is-layout-flex wp-container-core-group-is-layout-23441af8 wp-block-group-is-layout-flex\">\n<figure class=\"wp-block-image size-full is-resized\"><img decoding=\"async\" width=\"512\" height=\"512\" src=\"https:\/\/meuhoroscopo.net\/wp-content\/uploads\/2023\/10\/capricornio-hoje-horoscopo-do-signo.png\" alt=\"capricorn sign horoscope today\" class=\"wp-image-14419\" style=\"object-fit:cover;width:100px;height:100px\" srcset=\"https:\/\/meuhoroscopo.net\/wp-content\/uploads\/2023\/10\/capricornio-hoje-horoscopo-do-signo.png 512w, https:\/\/meuhoroscopo.net\/wp-content\/uploads\/2023\/10\/capricornio-hoje-horoscopo-do-signo-300x300.png 300w, https:\/\/meuhoroscopo.net\/wp-content\/uploads\/2023\/10\/capricornio-hoje-horoscopo-do-signo-150x150.png 150w\" sizes=\"(max-width: 512px) 100vw, 512px\" \/><\/figure>\n\n\n\n<div class=\"wp-block-uagb-icon uagb-block-465de987 uagb-icon-wrapper\"><span class=\"uagb-svg-wrapper\"><svg xmlns=\"https:\/\/www.w3.org\/2000\/svg\" viewbox=\"0 0 512 512\"><path d=\"M0 190.9V185.1C0 115.2 50.52 55.58 119.4 44.1C164.1 36.51 211.4 51.37 244 84.02L256 96L267.1 84.02C300.6 51.37 347 36.51 392.6 44.1C461.5 55.58 512 115.2 512 185.1V190.9C512 232.4 494.8 272.1 464.4 300.4L283.7 469.1C276.2 476.1 266.3 480 256 480C245.7 480 235.8 476.1 228.3 469.1L47.59 300.4C17.23 272.1 .0003 232.4 .0003 190.9L0 190.9z\"><\/path><\/svg><\/span><\/div>\n\n\n\n<figure class=\"wp-block-image size-full is-resized\"><img decoding=\"async\" width=\"512\" height=\"512\" src=\"https:\/\/meuhoroscopo.net\/wp-content\/uploads\/2023\/10\/capricornio-hoje-horoscopo-do-signo.png\" alt=\"capricorn sign horoscope today\" class=\"wp-image-14419\" style=\"object-fit:cover;width:100px;height:100px\" srcset=\"https:\/\/meuhoroscopo.net\/wp-content\/uploads\/2023\/10\/capricornio-hoje-horoscopo-do-signo.png 512w, https:\/\/meuhoroscopo.net\/wp-content\/uploads\/2023\/10\/capricornio-hoje-horoscopo-do-signo-300x300.png 300w, https:\/\/meuhoroscopo.net\/wp-content\/uploads\/2023\/10\/capricornio-hoje-horoscopo-do-signo-150x150.png 150w\" sizes=\"(max-width: 512px) 100vw, 512px\" \/><\/figure>\n<\/div>\n\n\n\n<h3 class=\"wp-block-heading\">When two Capricorns come together in a love match, they create and contribute to a whole new and exciting element in each other's lives<\/h3>\n\n\n\n<p>The symbol of Capricorn is the sea goat, the animal always on a climb from the sea to the top of the mountain. This is true for the Capricorn couple who extend their energy and strength and climb the ladder to a healthy and mutually beneficial relationship. But all this ambition and lust for life is bound to make these goats clash, and a dispute between two such temperaments should not be taken lightly<\/p>\n\n\n\n<p>When it comes to running a household or maintaining a healthy relationship, this couple can really take care of business. So much so, that they will have to be conscious of finding time for recreation and fighting the workaholic attitude that comes with the Capricorn lifestyle. Loyal and charitable, this couple is loving and devoted without being arrogant, which is a desirable mix for each partner.<\/p>\n\n\n\n<p>Capricorn is ruled by the planet Saturn. Saturn's main focus is on achieving goals through hard work. This planet also focuses on Capricorn's authoritarian side and desire for social status. This couple is very career-oriented. Their focus and intense energy can make them seem harsh or inflexible, but a Capricorn partner is not surprised by this attitude. Each communicates well and enjoys doing things together. This couple has a great capacity for love, but is not always as emotionally entwined as other zodiac couples. They both enjoy tackling a difficult issue, but also appreciate the space to pursue individual interests.<\/p>\n\n\n\n<p>Capricorn is an earth sign. Their interests lie in material possessions which indicate high social status. Capricorns are willing to work hard to make their house a home and are not afraid to show the fruits of their labor. Mundane activities and responsibilities are a hallmark of Capricorn's daily schedule, so it's important for these two to do something fun or silly from time to time. Sometimes, the Capricorn-Capricorn relationship could use a bit of reflection!<\/p>\n\n\n\n<p>Capricorn is a cardinal sign. This couple delights in starting new activities and following them through. Always conservative, this couple spends their time and money on practical applications and seeks tangible results. The Capricorn workhorse's uncompromising qualities make this duo a couple of knockouts, as well as close friends.<\/p>\n\n\n\n<p>What is the best aspect of the Capricorn-Capricorn relationship? It's their dedication to taking care of their personal and shared responsibilities. Theirs is a strong relationship, and the sturdy construction is built to last. As long as each partner remembers to laugh from time to time, this will be a successful relationship.<\/p>\n\n\n\n<div class=\"wp-block-group has-background has-small-font-size is-layout-flow wp-block-group-is-layout-flow\" style=\"background-color:#ffcad7;padding-top:var(--wp--preset--spacing--20);padding-right:var(--wp--preset--spacing--20);padding-bottom:var(--wp--preset--spacing--20);padding-left:var(--wp--preset--spacing--20)\">\n<h3 class=\"wp-block-heading has-text-align-center\">Capricorn combinations in love<\/h3>\n\n\n\n<div class=\"wp-block-group is-content-justification-center is-layout-flex wp-container-core-group-is-layout-b02886af wp-block-group-is-layout-flex\">\n<div class=\"wp-block-uagb-image aligncenter uagb-block-4ed478ad wp-block-uagb-image--layout-default wp-block-uagb-image--effect-zoomin wp-block-uagb-image--align-center wp-container-content-9cfa9a5a\"><figure class=\"wp-block-uagb-image__figure\"><a class=\"\" href=\"https:\/\/meuhoroscopo.net\/en\/combinations-of-signs-in-love\/how-are-aries-and-capricorn-combine-in-love\/\" target=\"\" rel=\"noopener\"><img decoding=\"async\" srcset=\"https:\/\/meuhoroscopo.net\/wp-content\/uploads\/2023\/10\/aries-hoje-horoscopo-do-signo.png ,https:\/\/meuhoroscopo.net\/wp-content\/uploads\/2023\/10\/aries-hoje-horoscopo-do-signo.png 780w, https:\/\/meuhoroscopo.net\/wp-content\/uploads\/2023\/10\/aries-hoje-horoscopo-do-signo.png 360w\" sizes=\"auto, (max-width: 480px) 150px\" src=\"https:\/\/meuhoroscopo.net\/wp-content\/uploads\/2023\/10\/aries-hoje-horoscopo-do-signo.png\" alt=\"aries combinations in love\" class=\"uag-image-14418\" width=\"150\" height=\"150\" title=\"\" loading=\"lazy\"\/><\/a><figcaption class=\"uagb-image-caption\">Aries 21\/03 to 20\/04<\/figcaption><\/figure><\/div>\n\n\n\n<div class=\"wp-block-uagb-image aligncenter uagb-block-35eee722 wp-block-uagb-image--layout-default wp-block-uagb-image--effect-zoomin wp-block-uagb-image--align-center wp-container-content-9cfa9a5a\"><figure class=\"wp-block-uagb-image__figure\"><a class=\"\" href=\"https:\/\/meuhoroscopo.net\/en\/combinations-of-signs-in-love\/how-taurus-and-capricorn-combine-in-love\/\" target=\"\" rel=\"noopener\"><img decoding=\"async\" srcset=\"https:\/\/meuhoroscopo.net\/wp-content\/uploads\/2023\/10\/touro-hoje-horoscopo-do-signo.png ,https:\/\/meuhoroscopo.net\/wp-content\/uploads\/2023\/10\/touro-hoje-horoscopo-do-signo.png 780w, https:\/\/meuhoroscopo.net\/wp-content\/uploads\/2023\/10\/touro-hoje-horoscopo-do-signo.png 360w\" sizes=\"auto, (max-width: 480px) 150px\" src=\"https:\/\/meuhoroscopo.net\/wp-content\/uploads\/2023\/10\/touro-hoje-horoscopo-do-signo.png\" alt=\"Taurus combinations in love\" class=\"uag-image-14426\" width=\"150\" height=\"150\" title=\"\" loading=\"lazy\"\/><\/a><figcaption class=\"uagb-image-caption\">Taurus 21\/04 to 20\/05<\/figcaption><\/figure><\/div>\n\n\n\n<div class=\"wp-block-uagb-image aligncenter uagb-block-96fca29d wp-block-uagb-image--layout-default wp-block-uagb-image--effect-zoomin wp-block-uagb-image--align-center wp-container-content-9cfa9a5a\"><figure class=\"wp-block-uagb-image__figure\"><a class=\"\" href=\"https:\/\/meuhoroscopo.net\/en\/combinations-of-signs-in-love\/how-gemini-and-capricorn-combine-in-love\/\" target=\"\" rel=\"noopener\"><img decoding=\"async\" srcset=\"https:\/\/meuhoroscopo.net\/wp-content\/uploads\/2023\/10\/gemeos-hoje-horoscopo-do-signo.png ,https:\/\/meuhoroscopo.net\/wp-content\/uploads\/2023\/10\/gemeos-hoje-horoscopo-do-signo.png 780w, https:\/\/meuhoroscopo.net\/wp-content\/uploads\/2023\/10\/gemeos-hoje-horoscopo-do-signo.png 360w\" sizes=\"auto, (max-width: 480px) 150px\" src=\"https:\/\/meuhoroscopo.net\/wp-content\/uploads\/2023\/10\/gemeos-hoje-horoscopo-do-signo.png\" alt=\"twin combinations in love\" class=\"uag-image-14421\" width=\"150\" height=\"150\" title=\"\" loading=\"lazy\"\/><\/a><figcaption class=\"uagb-image-caption\">Gemini 21\/05 to 20\/06<\/figcaption><\/figure><\/div>\n\n\n\n<div class=\"wp-block-uagb-image aligncenter uagb-block-a5884ed7 wp-block-uagb-image--layout-default wp-block-uagb-image--effect-zoomin wp-block-uagb-image--align-center wp-container-content-9cfa9a5a\"><figure class=\"wp-block-uagb-image__figure\"><a class=\"\" href=\"https:\/\/meuhoroscopo.net\/en\/combinations-of-signs-in-love\/how-cancer-and-capricorn-combine-in-love\/\" target=\"\" rel=\"noopener\"><img decoding=\"async\" srcset=\"https:\/\/meuhoroscopo.net\/wp-content\/uploads\/2023\/10\/cancer-hoje-horoscopo-do-signo.png ,https:\/\/meuhoroscopo.net\/wp-content\/uploads\/2023\/10\/cancer-hoje-horoscopo-do-signo.png 780w, https:\/\/meuhoroscopo.net\/wp-content\/uploads\/2023\/10\/cancer-hoje-horoscopo-do-signo.png 360w\" sizes=\"auto, (max-width: 480px) 150px\" src=\"https:\/\/meuhoroscopo.net\/wp-content\/uploads\/2023\/10\/cancer-hoje-horoscopo-do-signo.png\" alt=\"cancer combinations in love\" class=\"uag-image-14468\" width=\"150\" height=\"150\" title=\"\" loading=\"lazy\"\/><\/a><figcaption class=\"uagb-image-caption\">Cancer 21\/06 to 20\/07<\/figcaption><\/figure><\/div>\n\n\n\n<div class=\"wp-block-uagb-image aligncenter uagb-block-23de750c wp-block-uagb-image--layout-default wp-block-uagb-image--effect-zoomin wp-block-uagb-image--align-center wp-container-content-9cfa9a5a\"><figure class=\"wp-block-uagb-image__figure\"><a class=\"\" href=\"https:\/\/meuhoroscopo.net\/en\/combinations-of-signs-in-love\/how-do-leo-and-capricorn-combine-in-love\/\" target=\"\" rel=\"noopener\"><img decoding=\"async\" srcset=\"https:\/\/meuhoroscopo.net\/wp-content\/uploads\/2023\/10\/leao-hoje-horoscopo-do-signo.png ,https:\/\/meuhoroscopo.net\/wp-content\/uploads\/2023\/10\/leao-hoje-horoscopo-do-signo.png 780w, https:\/\/meuhoroscopo.net\/wp-content\/uploads\/2023\/10\/leao-hoje-horoscopo-do-signo.png 360w\" sizes=\"auto, (max-width: 480px) 150px\" src=\"https:\/\/meuhoroscopo.net\/wp-content\/uploads\/2023\/10\/leao-hoje-horoscopo-do-signo.png\" alt=\"lion combinations in love\" class=\"uag-image-14422\" width=\"150\" height=\"150\" title=\"\" loading=\"lazy\"\/><\/a><figcaption class=\"uagb-image-caption\">Leo 21\/07 to 22\/08<\/figcaption><\/figure><\/div>\n\n\n\n<div class=\"wp-block-uagb-image aligncenter uagb-block-d3120c1a wp-block-uagb-image--layout-default wp-block-uagb-image--effect-zoomin wp-block-uagb-image--align-center wp-container-content-9cfa9a5a\"><figure class=\"wp-block-uagb-image__figure\"><a class=\"\" href=\"https:\/\/meuhoroscopo.net\/en\/combinations-of-signs-in-love\/how-virgo-and-capricorn-combine-in-love\/\" target=\"\" rel=\"noopener\"><img decoding=\"async\" srcset=\"https:\/\/meuhoroscopo.net\/wp-content\/uploads\/2023\/10\/virgem-hoje-horoscopo-do-signo.png ,https:\/\/meuhoroscopo.net\/wp-content\/uploads\/2023\/10\/virgem-hoje-horoscopo-do-signo.png 780w, https:\/\/meuhoroscopo.net\/wp-content\/uploads\/2023\/10\/virgem-hoje-horoscopo-do-signo.png 360w\" sizes=\"auto, (max-width: 480px) 150px\" src=\"https:\/\/meuhoroscopo.net\/wp-content\/uploads\/2023\/10\/virgem-hoje-horoscopo-do-signo.png\" alt=\"virgo combinations in love\" class=\"uag-image-14427\" width=\"150\" height=\"150\" title=\"\" loading=\"lazy\"\/><\/a><figcaption class=\"uagb-image-caption\">Virgo 23\/08 to 22\/09<\/figcaption><\/figure><\/div>\n\n\n\n<div class=\"wp-block-uagb-image aligncenter uagb-block-8493c63e wp-block-uagb-image--layout-default wp-block-uagb-image--effect-zoomin wp-block-uagb-image--align-center wp-container-content-9cfa9a5a\"><figure class=\"wp-block-uagb-image__figure\"><a class=\"\" href=\"https:\/\/meuhoroscopo.net\/en\/combinations-of-signs-in-love\/how-libra-and-capricorn-combine-in-love\/\" target=\"\" rel=\"noopener\"><img decoding=\"async\" srcset=\"https:\/\/meuhoroscopo.net\/wp-content\/uploads\/2023\/10\/libra-hoje-horoscopo-do-signo.png ,https:\/\/meuhoroscopo.net\/wp-content\/uploads\/2023\/10\/libra-hoje-horoscopo-do-signo.png 780w, https:\/\/meuhoroscopo.net\/wp-content\/uploads\/2023\/10\/libra-hoje-horoscopo-do-signo.png 360w\" sizes=\"auto, (max-width: 480px) 150px\" src=\"https:\/\/meuhoroscopo.net\/wp-content\/uploads\/2023\/10\/libra-hoje-horoscopo-do-signo.png\" alt=\"libra combinations in love\" class=\"uag-image-14423\" width=\"150\" height=\"150\" title=\"\" loading=\"lazy\"\/><\/a><figcaption class=\"uagb-image-caption\">Libra 23\/09 to 22\/10<\/figcaption><\/figure><\/div>\n\n\n\n<div class=\"wp-block-uagb-image aligncenter uagb-block-c6cc0928 wp-block-uagb-image--layout-default wp-block-uagb-image--effect-zoomin wp-block-uagb-image--align-center wp-container-content-9cfa9a5a\"><figure class=\"wp-block-uagb-image__figure\"><a class=\"\" href=\"https:\/\/meuhoroscopo.net\/en\/combinations-of-signs-in-love\/how-scorpio-and-capricorn-combine-in-love\/\" target=\"\" rel=\"noopener\"><img decoding=\"async\" srcset=\"https:\/\/meuhoroscopo.net\/wp-content\/uploads\/2023\/10\/escorpiao-hoje-horoscopo-do-signo.png ,https:\/\/meuhoroscopo.net\/wp-content\/uploads\/2023\/10\/escorpiao-hoje-horoscopo-do-signo.png 780w, https:\/\/meuhoroscopo.net\/wp-content\/uploads\/2023\/10\/escorpiao-hoje-horoscopo-do-signo.png 360w\" sizes=\"auto, (max-width: 480px) 150px\" src=\"https:\/\/meuhoroscopo.net\/wp-content\/uploads\/2023\/10\/escorpiao-hoje-horoscopo-do-signo.png\" alt=\"scorpio combinations in love\" class=\"uag-image-14420\" width=\"150\" height=\"150\" title=\"\" loading=\"lazy\"\/><\/a><figcaption class=\"uagb-image-caption\">Scorpio 23\/10 to 21\/11<\/figcaption><\/figure><\/div>\n\n\n\n<div class=\"wp-block-uagb-image aligncenter uagb-block-1842198f wp-block-uagb-image--layout-default wp-block-uagb-image--effect-zoomin wp-block-uagb-image--align-center wp-container-content-9cfa9a5a\"><figure class=\"wp-block-uagb-image__figure\"><a class=\"\" href=\"https:\/\/meuhoroscopo.net\/en\/combinations-of-signs-in-love\/how-sagittarius-and-capricorn-combine-in-love\/\" target=\"\" rel=\"noopener\"><img decoding=\"async\" srcset=\"https:\/\/meuhoroscopo.net\/wp-content\/uploads\/2023\/10\/sagitario-hoje-horoscopo-do-signo.png ,https:\/\/meuhoroscopo.net\/wp-content\/uploads\/2023\/10\/sagitario-hoje-horoscopo-do-signo.png 780w, https:\/\/meuhoroscopo.net\/wp-content\/uploads\/2023\/10\/sagitario-hoje-horoscopo-do-signo.png 360w\" sizes=\"auto, (max-width: 480px) 150px\" src=\"https:\/\/meuhoroscopo.net\/wp-content\/uploads\/2023\/10\/sagitario-hoje-horoscopo-do-signo.png\" alt=\"sagittarius combinations in love\" class=\"uag-image-14425\" width=\"150\" height=\"150\" title=\"\" loading=\"lazy\"\/><\/a><figcaption class=\"uagb-image-caption\">Sagittarius 22\/11 to 21\/12<\/figcaption><\/figure><\/div>\n\n\n\n<div class=\"wp-block-uagb-image aligncenter uagb-block-aa5ae009 wp-block-uagb-image--layout-default wp-block-uagb-image--effect-zoomin wp-block-uagb-image--align-center wp-container-content-9cfa9a5a\"><figure class=\"wp-block-uagb-image__figure\"><a class=\"\" href=\"https:\/\/meuhoroscopo.net\/en\/combinations-of-signs-in-love\/how-capricorn-and-capricorn-match-in-love\/\" target=\"\" rel=\"noopener\"><img decoding=\"async\" srcset=\"https:\/\/meuhoroscopo.net\/wp-content\/uploads\/2023\/10\/capricornio-hoje-horoscopo-do-signo.png ,https:\/\/meuhoroscopo.net\/wp-content\/uploads\/2023\/10\/capricornio-hoje-horoscopo-do-signo.png 780w, https:\/\/meuhoroscopo.net\/wp-content\/uploads\/2023\/10\/capricornio-hoje-horoscopo-do-signo.png 360w\" sizes=\"auto, (max-width: 480px) 150px\" src=\"https:\/\/meuhoroscopo.net\/wp-content\/uploads\/2023\/10\/capricornio-hoje-horoscopo-do-signo.png\" alt=\"capricorn combinations in love\" class=\"uag-image-14419\" width=\"150\" height=\"150\" title=\"\" loading=\"lazy\"\/><\/a><figcaption class=\"uagb-image-caption\">Capricorn 22\/12 to 20\/01<\/figcaption><\/figure><\/div>\n\n\n\n<div class=\"wp-block-uagb-image aligncenter uagb-block-b42229e0 wp-block-uagb-image--layout-default wp-block-uagb-image--effect-zoomin wp-block-uagb-image--align-center wp-container-content-9cfa9a5a\"><figure class=\"wp-block-uagb-image__figure\"><a class=\"\" href=\"https:\/\/meuhoroscopo.net\/en\/combinations-of-signs-in-love\/how-capricorn-and-aquarius-combine-in-love\/\" target=\"\" rel=\"noopener\"><img decoding=\"async\" srcset=\"https:\/\/meuhoroscopo.net\/wp-content\/uploads\/2023\/10\/aquario-hoje-horoscopo-do-signo.png ,https:\/\/meuhoroscopo.net\/wp-content\/uploads\/2023\/10\/aquario-hoje-horoscopo-do-signo.png 780w, https:\/\/meuhoroscopo.net\/wp-content\/uploads\/2023\/10\/aquario-hoje-horoscopo-do-signo.png 360w\" sizes=\"auto, (max-width: 480px) 150px\" src=\"https:\/\/meuhoroscopo.net\/wp-content\/uploads\/2023\/10\/aquario-hoje-horoscopo-do-signo.png\" alt=\"aquarius combinations in love\" class=\"uag-image-14467\" width=\"150\" height=\"150\" title=\"\" loading=\"lazy\"\/><\/a><figcaption class=\"uagb-image-caption\">Aquarius 21\/01 to 19\/02<\/figcaption><\/figure><\/div>\n\n\n\n<div class=\"wp-block-uagb-image aligncenter uagb-block-c679d5b5 wp-block-uagb-image--layout-default wp-block-uagb-image--effect-zoomin wp-block-uagb-image--align-center wp-container-content-9cfa9a5a\"><figure class=\"wp-block-uagb-image__figure\"><a class=\"\" href=\"https:\/\/meuhoroscopo.net\/en\/combinations-of-signs-in-love\/how-capricorn-and-pisces-combine-in-love\/\" target=\"\" rel=\"noopener\"><img decoding=\"async\" srcset=\"https:\/\/meuhoroscopo.net\/wp-content\/uploads\/2023\/10\/peixes-hoje-horoscopo-do-signo.png ,https:\/\/meuhoroscopo.net\/wp-content\/uploads\/2023\/10\/peixes-hoje-horoscopo-do-signo.png 780w, https:\/\/meuhoroscopo.net\/wp-content\/uploads\/2023\/10\/peixes-hoje-horoscopo-do-signo.png 360w\" sizes=\"auto, (max-width: 480px) 150px\" src=\"https:\/\/meuhoroscopo.net\/wp-content\/uploads\/2023\/10\/peixes-hoje-horoscopo-do-signo.png\" alt=\"fish combinations in love\" class=\"uag-image-14424\" width=\"150\" height=\"150\" title=\"\" loading=\"lazy\"\/><\/a><figcaption class=\"uagb-image-caption\">Pisces 20\/02 to 20\/03<\/figcaption><\/figure><\/div>\n<\/div>\n<\/div>","protected":false},"excerpt":{"rendered":"<p>Quando dois capricornianos se unem em uma combina\u00e7\u00e3o de amor, eles criam e contribuem para um elemento totalmente novo e excitante na vida um do outro O s\u00edmbolo de Capric\u00f3rnio \u00e9 a cabra do mar, o animal sempre em uma subida do mar at\u00e9 o cume da montanha. Isso \u00e9 verdade para o casal de [&hellip;]<\/p>\n","protected":false},"author":1,"featured_media":0,"parent":0,"menu_order":0,"comment_status":"closed","ping_status":"closed","template":"","meta":{"footnotes":""},"class_list":["post-2430","page","type-page","status-publish","hentry"],"_links":{"self":[{"href":"https:\/\/meuhoroscopo.net\/en\/wp-json\/wp\/v2\/pages\/2430","targetHints":{"allow":["GET"]}}],"collection":[{"href":"https:\/\/meuhoroscopo.net\/en\/wp-json\/wp\/v2\/pages"}],"about":[{"href":"https:\/\/meuhoroscopo.net\/en\/wp-json\/wp\/v2\/types\/page"}],"author":[{"embeddable":true,"href":"https:\/\/meuhoroscopo.net\/en\/wp-json\/wp\/v2\/users\/1"}],"replies":[{"embeddable":true,"href":"https:\/\/meuhoroscopo.net\/en\/wp-json\/wp\/v2\/comments?post=2430"}],"version-history":[{"count":0,"href":"https:\/\/meuhoroscopo.net\/en\/wp-json\/wp\/v2\/pages\/2430\/revisions"}],"wp:attachment":[{"href":"https:\/\/meuhoroscopo.net\/en\/wp-json\/wp\/v2\/media?parent=2430"}],"curies":[{"name":"wp","href":"https:\/\/api.w.org\/{rel}","templated":true}]}}